{"id":90,"date":"2022-08-02T06:34:00","date_gmt":"2022-08-02T04:34:00","guid":{"rendered":"https:\/\/www.australventures.eu\/?page_id=90"},"modified":"2024-11-15T12:20:19","modified_gmt":"2024-11-15T11:20:19","slug":"nosotros","status":"publish","type":"page","link":"https:\/\/www.australventures.eu\/es\/nosotros\/","title":{"rendered":"Nosotros"},"content":{"rendered":"\n<div class=\"wp-block-cover is-light\" style=\"min-height:70vh;aspect-ratio:unset;\" data-block-type=\"core\"><span aria-hidden=\"true\" class=\"wp-block-cover__background has-background-dim-0 has-background-dim\" style=\"background-color:#e5cbb4\"><\/span><img decoding=\"async\" class=\"wp-block-cover__image-background wp-image-12\" alt=\"\" src=\"https:\/\/www.australventures.eu\/wp-content\/uploads\/2024\/11\/front-back-02.png\" style=\"object-position:50% 100%\" data-object-fit=\"cover\" data-object-position=\"50% 100%\"\/><div class=\"wp-block-cover__inner-container is-layout-constrained wp-block-cover-is-layout-constrained\">\n<section class=\"blocks-engine block-section\">\n    <div class=\"container\">\n        <div class=\"acf-innerblocks-container\">\n\n<p class=\"has-text-align-center has-large-font-size\" data-block-type=\"core\"><strong>Somos una gestora especializada en el sector de las energ\u00edas renovables en Espa\u00f1a<\/strong><\/p>\n\n\n\n<p class=\"has-text-align-center has-medium-font-size\" data-block-type=\"core\">Nuestros tres socios fundadores atesoran m\u00e1s de 35 a\u00f1os de experiencia en toda la cadena de valor de las oportunidades de inversi\u00f3n en el sector de las renovables. En total, han participado en m\u00e1s de 60 operaciones como promotores, operadores y mantenedores o proveedores de deuda.<\/p>\n\n<\/div>\n    <\/div>\n<\/section>\n<\/div><\/div>\n\n\n\n<section class=\"blocks-engine block-section padding-top-xl padding-bottom-s bg-auto\">\n    <div class=\"container\">\n        <div class=\"acf-innerblocks-container\">\n\n<div class=\"wp-block-columns is-layout-flex wp-container-core-columns-is-layout-9d6595d7 wp-block-columns-is-layout-flex\" data-block-type=\"core\">\n<div class=\"wp-block-column is-layout-flow wp-block-column-is-layout-flow\" data-block-type=\"core\">\n<div class=\"wp-block-columns is-not-stacked-on-mobile is-layout-flex wp-container-core-columns-is-layout-9d6595d7 wp-block-columns-is-layout-flex\" data-block-type=\"core\">\n<div class=\"wp-block-column is-layout-flow wp-block-column-is-layout-flow\" style=\"flex-basis:100px\" data-block-type=\"core\">\n<figure class=\"wp-block-image size-thumbnail\" data-block-type=\"core\"><img loading=\"lazy\" decoding=\"async\" width=\"150\" height=\"150\" src=\"https:\/\/www.australventures.eu\/wp-content\/uploads\/2024\/11\/experiencia-150x150.webp\" alt=\"\" class=\"wp-image-7\" style=\"aspect-ratio:1;object-fit:cover\" srcset=\"https:\/\/www.australventures.eu\/wp-content\/uploads\/2024\/11\/experiencia-150x150.webp 150w, https:\/\/www.australventures.eu\/wp-content\/uploads\/2024\/11\/experiencia.webp 191w\" sizes=\"auto, (max-width: 150px) 100vw, 150px\" \/><\/figure>\n<\/div>\n\n\n\n<div class=\"wp-block-column is-layout-flow wp-block-column-is-layout-flow\" style=\"flex-basis:100%\" data-block-type=\"core\">\n<h2 class=\"wp-block-heading\" data-block-type=\"core\"><strong>EXPERIENCIA<\/strong><\/h2>\n\n\n\n<p data-block-type=\"core\">Los profesionales que componen el equipo de Austral Venture Gesti\u00f3n cuentan con m\u00e1s de 35 a\u00f1os de trayectoria en la industria. Su versatilidad y conocimiento del sector les permite sacar el m\u00e1ximo partido a las inversiones y detectar las mejores oportunidades de inversi\u00f3n.<\/p>\n<\/div>\n<\/div>\n<\/div>\n\n\n\n<div class=\"wp-block-column is-layout-flow wp-block-column-is-layout-flow\" data-block-type=\"core\">\n<div class=\"wp-block-columns is-not-stacked-on-mobile is-layout-flex wp-container-core-columns-is-layout-9d6595d7 wp-block-columns-is-layout-flex\" data-block-type=\"core\">\n<div class=\"wp-block-column is-layout-flow wp-block-column-is-layout-flow\" style=\"flex-basis:100px\" data-block-type=\"core\">\n<figure class=\"wp-block-image size-thumbnail\" data-block-type=\"core\"><img loading=\"lazy\" decoding=\"async\" width=\"150\" height=\"150\" src=\"https:\/\/www.australventures.eu\/wp-content\/uploads\/2024\/11\/compromiso-150x150.webp\" alt=\"\" class=\"wp-image-9\" style=\"aspect-ratio:1;object-fit:cover\" srcset=\"https:\/\/www.australventures.eu\/wp-content\/uploads\/2024\/11\/compromiso-150x150.webp 150w, https:\/\/www.australventures.eu\/wp-content\/uploads\/2024\/11\/compromiso.webp 191w\" sizes=\"auto, (max-width: 150px) 100vw, 150px\" \/><\/figure>\n<\/div>\n\n\n\n<div class=\"wp-block-column is-layout-flow wp-block-column-is-layout-flow\" style=\"flex-basis:100%\" data-block-type=\"core\">\n<h2 class=\"wp-block-heading\" data-block-type=\"core\"><strong>COMPROMISO<\/strong><\/h2>\n\n\n\n<p data-block-type=\"core\">Queremos convertirnos en el partner de confianza de nuestros clientes. Nuestra cercan\u00eda e inter\u00e9s por los objetivos financieros de nuestros clientes y nuestro&nbsp;<em>know-how<\/em>&nbsp;de la industria nos definen.<\/p>\n<\/div>\n<\/div>\n<\/div>\n<\/div>\n\n\n\n<div class=\"wp-block-columns is-layout-flex wp-container-core-columns-is-layout-9d6595d7 wp-block-columns-is-layout-flex\" data-block-type=\"core\">\n<div class=\"wp-block-column is-layout-flow wp-block-column-is-layout-flow\" data-block-type=\"core\">\n<div class=\"wp-block-columns is-not-stacked-on-mobile is-layout-flex wp-container-core-columns-is-layout-9d6595d7 wp-block-columns-is-layout-flex\" data-block-type=\"core\">\n<div class=\"wp-block-column is-layout-flow wp-block-column-is-layout-flow\" style=\"flex-basis:100px\" data-block-type=\"core\">\n<figure class=\"wp-block-image size-thumbnail\" data-block-type=\"core\"><img loading=\"lazy\" decoding=\"async\" width=\"150\" height=\"150\" src=\"https:\/\/www.australventures.eu\/wp-content\/uploads\/2024\/11\/transparancia-150x150.webp\" alt=\"\" class=\"wp-image-10\" style=\"aspect-ratio:1;object-fit:cover\" srcset=\"https:\/\/www.australventures.eu\/wp-content\/uploads\/2024\/11\/transparancia-150x150.webp 150w, https:\/\/www.australventures.eu\/wp-content\/uploads\/2024\/11\/transparancia.webp 191w\" sizes=\"auto, (max-width: 150px) 100vw, 150px\" \/><\/figure>\n<\/div>\n\n\n\n<div class=\"wp-block-column is-layout-flow wp-block-column-is-layout-flow\" style=\"flex-basis:100%\" data-block-type=\"core\">\n<h2 class=\"wp-block-heading\" data-block-type=\"core\"><strong>TRANSPARENCIA<\/strong><\/h2>\n\n\n\n<p data-block-type=\"core\">Trabajamos con la m\u00e1xima claridad y rigor, con el objetivo de ofrecer proyectos con sentido econ\u00f3mico.<\/p>\n<\/div>\n<\/div>\n<\/div>\n\n\n\n<div class=\"wp-block-column is-layout-flow wp-block-column-is-layout-flow\" data-block-type=\"core\">\n<div class=\"wp-block-columns is-not-stacked-on-mobile is-layout-flex wp-container-core-columns-is-layout-9d6595d7 wp-block-columns-is-layout-flex\" data-block-type=\"core\">\n<div class=\"wp-block-column is-layout-flow wp-block-column-is-layout-flow\" style=\"flex-basis:100px\" data-block-type=\"core\">\n<figure class=\"wp-block-image size-thumbnail\" data-block-type=\"core\"><img loading=\"lazy\" decoding=\"async\" width=\"150\" height=\"150\" src=\"https:\/\/www.australventures.eu\/wp-content\/uploads\/2024\/11\/sostenibilidad-150x150.webp\" alt=\"\" class=\"wp-image-8\" style=\"aspect-ratio:1;object-fit:cover\" srcset=\"https:\/\/www.australventures.eu\/wp-content\/uploads\/2024\/11\/sostenibilidad-150x150.webp 150w, https:\/\/www.australventures.eu\/wp-content\/uploads\/2024\/11\/sostenibilidad.webp 191w\" sizes=\"auto, (max-width: 150px) 100vw, 150px\" \/><\/figure>\n<\/div>\n\n\n\n<div class=\"wp-block-column is-layout-flow wp-block-column-is-layout-flow\" style=\"flex-basis:100%\" data-block-type=\"core\">\n<h2 class=\"wp-block-heading\" data-block-type=\"core\"><strong>SOSTENIBILIDAD<\/strong><\/h2>\n\n\n\n<p data-block-type=\"core\">Buscamos generar un impacto positivo para el medio ambiente y la sociedad en uno de los grandes retos del siglo XXI: la transici\u00f3n energ\u00e9tica.<\/p>\n<\/div>\n<\/div>\n<\/div>\n<\/div>\n\n<\/div>\n    <\/div>\n<\/section>\n","protected":false},"excerpt":{"rendered":"","protected":false},"author":2,"featured_media":0,"parent":0,"menu_order":0,"comment_status":"closed","ping_status":"closed","template":"","meta":{"_acf_changed":false,"_uag_custom_page_level_css":"","footnotes":""},"class_list":["post-90","page","type-page","status-publish","hentry"],"acf":[],"yoast_head":"<!-- This site is optimized with the Yoast SEO plugin v26.5 - https:\/\/yoast.com\/wordpress\/plugins\/seo\/ -->\n<title>Nosotros - Austral Venture Gesti\u00f3n<\/title>\n<meta name=\"description\" content=\"Somos una plataforma de inversi\u00f3n y gesti\u00f3n en el sector de las renovables en Espa\u00f1a especializados en tecnolog\u00eda fotovoltaica.\" \/>\n<meta name=\"robots\" content=\"index, follow, max-snippet:-1, max-image-preview:large, max-video-preview:-1\" \/>\n<link rel=\"canonical\" href=\"https:\/\/www.australventures.eu\/es\/nosotros\/\" \/>\n<meta property=\"og:locale\" content=\"es_ES\" \/>\n<meta property=\"og:type\" content=\"article\" \/>\n<meta property=\"og:title\" content=\"Nosotros - Austral Venture Gesti\u00f3n\" \/>\n<meta property=\"og:description\" content=\"Somos una plataforma de inversi\u00f3n y gesti\u00f3n en el sector de las renovables en Espa\u00f1a especializados en tecnolog\u00eda fotovoltaica.\" \/>\n<meta property=\"og:url\" content=\"https:\/\/www.australventures.eu\/es\/nosotros\/\" \/>\n<meta property=\"og:site_name\" content=\"Austral Venture Gesti\u00f3n\" \/>\n<meta property=\"article:modified_time\" content=\"2024-11-15T11:20:19+00:00\" \/>\n<meta property=\"og:image\" content=\"https:\/\/www.australventures.eu\/wp-content\/uploads\/2024\/11\/front-back-02.png\" \/>\n<meta name=\"twitter:card\" content=\"summary_large_image\" \/>\n<meta name=\"twitter:label1\" content=\"Tiempo de lectura\" \/>\n\t<meta name=\"twitter:data1\" content=\"1 minuto\" \/>\n<script type=\"application\/ld+json\" class=\"yoast-schema-graph\">{\"@context\":\"https:\/\/schema.org\",\"@graph\":[{\"@type\":\"WebPage\",\"@id\":\"https:\/\/www.australventures.eu\/es\/nosotros\/\",\"url\":\"https:\/\/www.australventures.eu\/es\/nosotros\/\",\"name\":\"Nosotros - Austral Venture Gesti\u00f3n\",\"isPartOf\":{\"@id\":\"https:\/\/www.australventures.eu\/es\/#website\"},\"primaryImageOfPage\":{\"@id\":\"https:\/\/www.australventures.eu\/es\/nosotros\/#primaryimage\"},\"image\":{\"@id\":\"https:\/\/www.australventures.eu\/es\/nosotros\/#primaryimage\"},\"thumbnailUrl\":\"https:\/\/www.australventures.eu\/wp-content\/uploads\/2024\/11\/front-back-02.png\",\"datePublished\":\"2022-08-02T04:34:00+00:00\",\"dateModified\":\"2024-11-15T11:20:19+00:00\",\"description\":\"Somos una plataforma de inversi\u00f3n y gesti\u00f3n en el sector de las renovables en Espa\u00f1a especializados en tecnolog\u00eda fotovoltaica.\",\"breadcrumb\":{\"@id\":\"https:\/\/www.australventures.eu\/es\/nosotros\/#breadcrumb\"},\"inLanguage\":\"es\",\"potentialAction\":[{\"@type\":\"ReadAction\",\"target\":[\"https:\/\/www.australventures.eu\/es\/nosotros\/\"]}]},{\"@type\":\"ImageObject\",\"inLanguage\":\"es\",\"@id\":\"https:\/\/www.australventures.eu\/es\/nosotros\/#primaryimage\",\"url\":\"https:\/\/www.australventures.eu\/wp-content\/uploads\/2024\/11\/front-back-02.png\",\"contentUrl\":\"https:\/\/www.australventures.eu\/wp-content\/uploads\/2024\/11\/front-back-02.png\"},{\"@type\":\"BreadcrumbList\",\"@id\":\"https:\/\/www.australventures.eu\/es\/nosotros\/#breadcrumb\",\"itemListElement\":[{\"@type\":\"ListItem\",\"position\":1,\"name\":\"Home\",\"item\":\"https:\/\/www.australventures.eu\/es\/\"},{\"@type\":\"ListItem\",\"position\":2,\"name\":\"Nosotros\"}]},{\"@type\":\"WebSite\",\"@id\":\"https:\/\/www.australventures.eu\/es\/#website\",\"url\":\"https:\/\/www.australventures.eu\/es\/\",\"name\":\"Austral Venture Gesti\u00f3n\",\"description\":\"Austral Venture Gesti\u00f3n somos una plataforma de inversi\u00f3n y gesti\u00f3n en el sector de las renovables en Espa\u00f1a especializados en tecnolog\u00eda fotovoltaica.\",\"publisher\":{\"@id\":\"https:\/\/www.australventures.eu\/es\/#organization\"},\"potentialAction\":[{\"@type\":\"SearchAction\",\"target\":{\"@type\":\"EntryPoint\",\"urlTemplate\":\"https:\/\/www.australventures.eu\/es\/?s={search_term_string}\"},\"query-input\":{\"@type\":\"PropertyValueSpecification\",\"valueRequired\":true,\"valueName\":\"search_term_string\"}}],\"inLanguage\":\"es\"},{\"@type\":\"Organization\",\"@id\":\"https:\/\/www.australventures.eu\/es\/#organization\",\"name\":\"Austral Venture Gesti\u00f3n\",\"url\":\"https:\/\/www.australventures.eu\/es\/\",\"logo\":{\"@type\":\"ImageObject\",\"inLanguage\":\"es\",\"@id\":\"https:\/\/www.australventures.eu\/es\/#\/schema\/logo\/image\/\",\"url\":\"https:\/\/www.australventures.eu\/wp-content\/uploads\/2024\/11\/logo-black.svg\",\"contentUrl\":\"https:\/\/www.australventures.eu\/wp-content\/uploads\/2024\/11\/logo-black.svg\",\"width\":329,\"height\":83,\"caption\":\"Austral Venture Gesti\u00f3n\"},\"image\":{\"@id\":\"https:\/\/www.australventures.eu\/es\/#\/schema\/logo\/image\/\"}}]}<\/script>\n<!-- \/ Yoast SEO plugin. -->","yoast_head_json":{"title":"Nosotros - Austral Venture Gesti\u00f3n","description":"Somos una plataforma de inversi\u00f3n y gesti\u00f3n en el sector de las renovables en Espa\u00f1a especializados en tecnolog\u00eda fotovoltaica.","robots":{"index":"index","follow":"follow","max-snippet":"max-snippet:-1","max-image-preview":"max-image-preview:large","max-video-preview":"max-video-preview:-1"},"canonical":"https:\/\/www.australventures.eu\/es\/nosotros\/","og_locale":"es_ES","og_type":"article","og_title":"Nosotros - Austral Venture Gesti\u00f3n","og_description":"Somos una plataforma de inversi\u00f3n y gesti\u00f3n en el sector de las renovables en Espa\u00f1a especializados en tecnolog\u00eda fotovoltaica.","og_url":"https:\/\/www.australventures.eu\/es\/nosotros\/","og_site_name":"Austral Venture Gesti\u00f3n","article_modified_time":"2024-11-15T11:20:19+00:00","og_image":[{"url":"https:\/\/www.australventures.eu\/wp-content\/uploads\/2024\/11\/front-back-02.png","type":"","width":"","height":""}],"twitter_card":"summary_large_image","twitter_misc":{"Tiempo de lectura":"1 minuto"},"schema":{"@context":"https:\/\/schema.org","@graph":[{"@type":"WebPage","@id":"https:\/\/www.australventures.eu\/es\/nosotros\/","url":"https:\/\/www.australventures.eu\/es\/nosotros\/","name":"Nosotros - Austral Venture Gesti\u00f3n","isPartOf":{"@id":"https:\/\/www.australventures.eu\/es\/#website"},"primaryImageOfPage":{"@id":"https:\/\/www.australventures.eu\/es\/nosotros\/#primaryimage"},"image":{"@id":"https:\/\/www.australventures.eu\/es\/nosotros\/#primaryimage"},"thumbnailUrl":"https:\/\/www.australventures.eu\/wp-content\/uploads\/2024\/11\/front-back-02.png","datePublished":"2022-08-02T04:34:00+00:00","dateModified":"2024-11-15T11:20:19+00:00","description":"Somos una plataforma de inversi\u00f3n y gesti\u00f3n en el sector de las renovables en Espa\u00f1a especializados en tecnolog\u00eda fotovoltaica.","breadcrumb":{"@id":"https:\/\/www.australventures.eu\/es\/nosotros\/#breadcrumb"},"inLanguage":"es","potentialAction":[{"@type":"ReadAction","target":["https:\/\/www.australventures.eu\/es\/nosotros\/"]}]},{"@type":"ImageObject","inLanguage":"es","@id":"https:\/\/www.australventures.eu\/es\/nosotros\/#primaryimage","url":"https:\/\/www.australventures.eu\/wp-content\/uploads\/2024\/11\/front-back-02.png","contentUrl":"https:\/\/www.australventures.eu\/wp-content\/uploads\/2024\/11\/front-back-02.png"},{"@type":"BreadcrumbList","@id":"https:\/\/www.australventures.eu\/es\/nosotros\/#breadcrumb","itemListElement":[{"@type":"ListItem","position":1,"name":"Home","item":"https:\/\/www.australventures.eu\/es\/"},{"@type":"ListItem","position":2,"name":"Nosotros"}]},{"@type":"WebSite","@id":"https:\/\/www.australventures.eu\/es\/#website","url":"https:\/\/www.australventures.eu\/es\/","name":"Austral Venture Gesti\u00f3n","description":"Austral Venture Gesti\u00f3n somos una plataforma de inversi\u00f3n y gesti\u00f3n en el sector de las renovables en Espa\u00f1a especializados en tecnolog\u00eda fotovoltaica.","publisher":{"@id":"https:\/\/www.australventures.eu\/es\/#organization"},"potentialAction":[{"@type":"SearchAction","target":{"@type":"EntryPoint","urlTemplate":"https:\/\/www.australventures.eu\/es\/?s={search_term_string}"},"query-input":{"@type":"PropertyValueSpecification","valueRequired":true,"valueName":"search_term_string"}}],"inLanguage":"es"},{"@type":"Organization","@id":"https:\/\/www.australventures.eu\/es\/#organization","name":"Austral Venture Gesti\u00f3n","url":"https:\/\/www.australventures.eu\/es\/","logo":{"@type":"ImageObject","inLanguage":"es","@id":"https:\/\/www.australventures.eu\/es\/#\/schema\/logo\/image\/","url":"https:\/\/www.australventures.eu\/wp-content\/uploads\/2024\/11\/logo-black.svg","contentUrl":"https:\/\/www.australventures.eu\/wp-content\/uploads\/2024\/11\/logo-black.svg","width":329,"height":83,"caption":"Austral Venture Gesti\u00f3n"},"image":{"@id":"https:\/\/www.australventures.eu\/es\/#\/schema\/logo\/image\/"}}]}},"uagb_featured_image_src":{"full":false,"thumbnail":false,"medium":false,"medium_large":false,"large":false,"1536x1536":false,"2048x2048":false},"uagb_author_info":{"display_name":"Austral","author_link":"https:\/\/www.australventures.eu\/es\/author\/admin_austral\/"},"uagb_comment_info":0,"uagb_excerpt":null,"_links":{"self":[{"href":"https:\/\/www.australventures.eu\/es\/wp-json\/wp\/v2\/pages\/90","targetHints":{"allow":["GET"]}}],"collection":[{"href":"https:\/\/www.australventures.eu\/es\/wp-json\/wp\/v2\/pages"}],"about":[{"href":"https:\/\/www.australventures.eu\/es\/wp-json\/wp\/v2\/types\/page"}],"author":[{"embeddable":true,"href":"https:\/\/www.australventures.eu\/es\/wp-json\/wp\/v2\/users\/2"}],"replies":[{"embeddable":true,"href":"https:\/\/www.australventures.eu\/es\/wp-json\/wp\/v2\/comments?post=90"}],"version-history":[{"count":28,"href":"https:\/\/www.australventures.eu\/es\/wp-json\/wp\/v2\/pages\/90\/revisions"}],"predecessor-version":[{"id":389,"href":"https:\/\/www.australventures.eu\/es\/wp-json\/wp\/v2\/pages\/90\/revisions\/389"}],"wp:attachment":[{"href":"https:\/\/www.australventures.eu\/es\/wp-json\/wp\/v2\/media?parent=90"}],"curies":[{"name":"wp","href":"https:\/\/api.w.org\/{rel}","templated":true}]}}