{"id":82,"date":"2022-08-02T06:33:00","date_gmt":"2022-08-02T04:33:00","guid":{"rendered":"https:\/\/www.australventures.eu\/?page_id=82"},"modified":"2024-11-14T10:20:37","modified_gmt":"2024-11-14T09:20:37","slug":"aviso-legal","status":"publish","type":"page","link":"https:\/\/www.australventures.eu\/es\/aviso-legal\/","title":{"rendered":"Aviso legal"},"content":{"rendered":"\n<section class=\"blocks-engine block-section\">\n    <div class=\"container\">\n        <div class=\"acf-innerblocks-container\">\n\n<h1 class=\"wp-block-heading has-x-large-font-size\" data-block-type=\"core\">Aviso legal<\/h1>\n\n\n\n<p data-block-type=\"core\">La p\u00e1gina\/sitio Web de&nbsp;<a href=\"http:\/\/australventures.eu%2C\/\">australventures.eu,<\/a>&nbsp;es de car\u00e1cter general y ha sido dise\u00f1ada para facilitar al usuario y\/o visitante el acceso a la informaci\u00f3n de la Empresa y a sus servicios en l\u00ednea. Las presentes condiciones legales de uso regulan la utilizaci\u00f3n de la p\u00e1gina Web&nbsp;<a href=\"http:\/\/australventures.eu\/\">australventures.eu<\/a>&nbsp;, que se pone a disposici\u00f3n de los usuarios\/visitantes.<br>Titularidad<\/p>\n\n\n\n<p data-block-type=\"core\">A los efectos legales oportunos, el titular y responsable de esta p\u00e1gina Web son:<\/p>\n\n\n\n<p data-block-type=\"core\"><em>Titular:<\/em> AUSTRAL VENTURE GESTION, S.G.E.I.C. SA.<br><em>NIF\/CIF:<\/em> A06880785<br><em>Domicilio:<\/em> Avd\/ Republica Argentina 9, 1o derecha 41011 Sevilla Sevilla, Espa\u00f1a<br><em>Correo electr\u00f3nico:<\/em> info@australventures.eu<br><em>Sitio Web:<\/em> https:\/\/australventures.eu<\/p>\n\n\n\n<p data-block-type=\"core\"><strong>T\u00e9rminos y condiciones<\/strong><\/p>\n\n\n\n<p data-block-type=\"core\">Se solicita a los usuarios\/visitantes de este sitio, que lean detallada y cuidadosamente, los siguientes t\u00e9rminos y condiciones de uso, junto con las pol\u00edticas de privacidad, antes de iniciar la utilizaci\u00f3n de la misma.<\/p>\n\n\n\n<p data-block-type=\"core\">Si el usuario\/visitante no se encuentra conforme con los t\u00e9rminos de uso de la p\u00e1gina Web o cualquier otra disposici\u00f3n, por favor abstenerse de utilizar este sitio. Ingresando a la siguiente p\u00e1gina Web, se entiende que el usuario\/visitante ha le\u00eddo, entendido y aceptado los t\u00e9rminos y condiciones que a continuaci\u00f3n se describen, de la misma manera como si hubiera firmado un acuerdo escrito.<\/p>\n\n\n\n<p data-block-type=\"core\">AVA puede modificar los t\u00e9rminos, condiciones y pol\u00edticas de privacidad, en cualquier momento y tendr\u00e1n plena validez inmediatamente sean publicadas en este sitio Web, por consiguiente, ser\u00e1n vigentes desde el momento que el usuario\/visitante ingrese a la p\u00e1gina de Internet.<\/p>\n\n\n\n<p data-block-type=\"core\">La informaci\u00f3n contenida en esta web, incluidos ciertos productos y servicios, est\u00e1 destinada a su uso por Usuarios con residencia en Espa\u00f1a o que accedan desde Espa\u00f1a, por lo que AUSTRAL VENTURE GESTION, S.G.E.I.C. SA. declina toda responsabilidad por el acceso de Usuarios en jurisdicciones donde dicha distribuci\u00f3n o uso pudieran ser contrarios a la normativa o regulaci\u00f3n. Ciertos productos y servicios pueden no estar disponibles o autorizados en todas las jurisdicciones o para todos los Usuarios.<\/p>\n\n\n\n<p data-block-type=\"core\">AUSTRAL VENTURE GESTION, S.G.E.I.C. SA. presta gratuitamente a los usuarios\/visitantes del Sitio Web acceso a contenidos propios o v\u00ednculos hacia otras p\u00e1ginas, pero:<\/p>\n\n\n\n<p data-block-type=\"core\">a) Puede suspenderlo o reiniciarlo en cualquier momento sin previo aviso.<br>b) Puede modificar los contenidos, los v\u00ednculos o cualesquiera otros elementos.<br>c) Puede ceder total o parcialmente los contenidos propios de la Web a terceros.<\/p>\n\n\n\n<p data-block-type=\"core\"><strong>Condiciones de acceso y utilizaci\u00f3n<\/strong><\/p>\n\n\n\n<p data-block-type=\"core\">El usuario\/visitante puede navegar libre y gratuitamente a trav\u00e9s de este sitio y descargar material del mismo, sin embargo, pueden existir algunos casos en los cuales se condicione el servicio en l\u00ednea, al previo cumplimiento del diligenciamiento de formularios y\/o pago por la prestaci\u00f3n del servicio.<\/p>\n\n\n\n<p data-block-type=\"core\">La informaci\u00f3n contenida en esta p\u00e1gina Web deber\u00e1 ser utilizada \u00fanicamente con fines personales, por lo tanto, el usuario no podr\u00e1 distribuir, modificar, transmitir, copiar, enviar o usar esta informaci\u00f3n para prop\u00f3sitos comerciales, salvo que previamente medie autorizaci\u00f3n por escrito de AUSTRAL VENTURE GESTION, S.G.E.I.C. SA..<\/p>\n\n\n\n<p data-block-type=\"core\">El usuario\/visitante garantiza la autenticidad y actualidad de todos los datos que comunique a la Empresa y ser\u00e1 el \u00fanico responsable de las manifestaciones inexactas o falsas que entregue.<\/p>\n\n\n\n<p data-block-type=\"core\">El Usuario se compromete a hacer un uso l\u00edcito, diligente, honrado y correcto de cuanta informaci\u00f3n o contenido tenga acceso bien a trav\u00e9s de la web o de terceros, y todo ello bajo los principios de la buena fe y con respeto en todo momento a la legalidad vigente. En particular, no emplearlos para:<\/p>\n\n\n\n<p data-block-type=\"core\">1. Difundir contenidos delictivos, pornogr\u00e1ficos, racistas, xen\u00f3fobos, ofensivos y en general contrarios a la ley y al orden p\u00fablico.<br>2. Introducir en la p\u00e1gina Web virus inform\u00e1ticos o efectuar alguna actividad que pueda da\u00f1ar, distorsionar o alterar los documentos electr\u00f3nicos y\/o datos, as\u00ed como obstaculizar el acceso a otros usuarios\/visitantes al sitio Web y a sus servicios.<br>3. Intentar acceder a las cuentas de correo electr\u00f3nico de otros usuarios\/visitantes o \u00e1reas restringidas.<br>4. Vulnerar el derecho a la confidencialidad de AUSTRAL VENTURE GESTION, S.G.E.I.C. SA. y\/o terceros, as\u00ed como los derechos de propiedad intelectual o industrial.<br>5. Suplantar la identidad de otro usuario o de un tercero.<\/p>\n\n\n\n<p data-block-type=\"core\">AUSTRAL VENTURE GESTION, S.G.E.I.C. SA. no se hace responsable de las webs no propias a las que se puede acceder mediante v\u00ednculos (links) o de cualquier contenido puesto a disposici\u00f3n por terceros. AUSTRAL VENTURE GESTION, S.G.E.I.C. SA. no garantiza que la informaci\u00f3n proporcionada en la web sea exacta, completa, o actualizada y, consecuentemente, no debe confiarse en ella como si lo fuera.<br>Exclusi\u00f3n de garant\u00edas y responsabilidad<\/p>\n\n\n\n<p data-block-type=\"core\">AUSTRAL VENTURE GESTION, S.G.E.I.C. SA. no garantiza la disponibilidad y continuidad del funcionamiento del Sitio Web ni la idoneidad o utilidad de los servicios ofrecidos.<\/p>\n\n\n\n<p data-block-type=\"core\">AUSTRAL VENTURE GESTION, S.G.E.I.C. SA. excluye cualquier responsabilidad por los da\u00f1os y perjuicios de cualquier naturaleza que pueda sufrir el usuario por el uso del Sitio Web y especialmente, pero no s\u00f3lo, en lo relativo a:<\/p>\n\n\n\n<p data-block-type=\"core\">a) Privacidad en el uso del Sitio Web.<br>b) Existencia o efectos de virus inform\u00e1ticos.<br>c) Veracidad o actualidad de los contenidos propios.<br>d) Opiniones vertidas en los foros y secciones de opini\u00f3n por los colaboradores del Sitio Web.<br>e) Calidad o contenidos de las p\u00e1ginas ofrecidas como v\u00ednculos externos del Sitio Web.<\/p>\n\n\n\n<p data-block-type=\"core\"><strong>Reserva del derecho de acceso<\/strong><\/p>\n\n\n\n<p data-block-type=\"core\">AUSTRAL VENTURE GESTION, S.G.E.I.C. SA. se reserva el derecho a denegar o retirar el acceso al Portal y\/o a los Servicios, en cualquier momento y sin necesidad de preaviso a aquellos Usuarios\/visitantes que incumplan estas Condiciones Generales o las Condiciones Particulares que resulten de aplicaci\u00f3n.<br>Indemnizaciones<\/p>\n\n\n\n<p data-block-type=\"core\">El usuario\/visitante acepta defender, indemnizar y eximir de toda responsabilidad a AUSTRAL VENTURE GESTION, S.G.E.I.C. SA., sus empleados, proveedores y\/o terceras personas, frente a cualquier da\u00f1o, reclamaci\u00f3n, gasto, responsabilidad, en el que se incurra por la violaci\u00f3n a estos t\u00e9rminos y condiciones, y\/o cualquier actividad relacionada por su cuenta (incluyendo negligencia o mala conducta) de su parte o de otra persona que ingrese al sitio usando su cuenta.<br>Derechos de autor y propiedad intelectual<\/p>\n\n\n\n<p data-block-type=\"core\">Todos los contenidos de la p\u00e1gina, ideas, conceptos, software y desarrollos en el sitio elaborados por AUSTRAL VENTURE GESTION, S.G.E.I.C. SA. est\u00e1n plenamente protegidos por las leyes espa\u00f1olas de autor y dem\u00e1s acuerdos.<\/p>\n\n\n\n<p data-block-type=\"core\">Las im\u00e1genes de productos, gr\u00e1ficos, iconos, software, dise\u00f1o gr\u00e1fico, etc, mostrados en este sitio Web, son de propiedad exclusiva del AUSTRAL VENTURE GESTION, S.G.E.I.C. SA.. El uso de estas im\u00e1genes est\u00e1 estrictamente prohibido y su utilizaci\u00f3n sin autorizaci\u00f3n, podr\u00eda dar lugar a la violaci\u00f3n de los derechos de autor y publicidad legal, amparados tanto por la legislaci\u00f3n nacional como internacional.<\/p>\n\n\n\n<p data-block-type=\"core\">El establecimiento de un \u201clink\u201d no implica necesariamente la existencia de relaciones entre AUSTRAL VENTURE GESTION, S.G.E.I.C. SA. y el propietario de la p\u00e1gina Web vinculada, de igual manera no implica la aceptaci\u00f3n o aprobaci\u00f3n por parte del AUSTRAL VENTURE GESTION, S.G.E.I.C. SA. de sus contenidos o servicios. Los enlaces existentes en el sitio Web australventures.eu a otras Web, son con el consentimiento previo de \u00e9stas y AUSTRAL VENTURE GESTION, S.G.E.I.C. SA. s\u00f3lo mantiene con estos sitios Web relaciones profesionales, por lo que no se hace responsable del contenido de dichos sitios Web.<\/p>\n\n\n\n<p data-block-type=\"core\">AUSTRAL VENTURE GESTION, S.G.E.I.C. SA. no concede t\u00e1citamente autorizaci\u00f3n de ninguna clase para la comunicaci\u00f3n p\u00fablica de los contenidos de esta Web. El env\u00edo por correo electr\u00f3nico o a trav\u00e9s de los formularios insertados al efecto en el Sitio Web, de art\u00edculos o colaboraciones de cualquier naturaleza se entiende como una autorizaci\u00f3n de su autor para la comunicaci\u00f3n p\u00fablica de los mismos en base a la titularidad sobre la obra que declara tener.<\/p>\n\n\n\n<p data-block-type=\"core\">En el caso de que cualquier Usuario o un tercero considere que cualquiera de los contenidos ha sido introducido en el Portal con violaci\u00f3n de sus derechos de propiedad intelectual deber\u00e1 enviar una comunicaci\u00f3n a AUSTRAL VENTURE GESTION, S.G.E.I.C. SA. en la que se indiquen el nombre, direcci\u00f3n y tel\u00e9fono del autor o su gestor de derechos de autor y la raz\u00f3n o el t\u00edtulo que le acredita como autor de aqu\u00e9l, para proceder a su inmediata retirada.<\/p>\n\n\n\n<p data-block-type=\"core\">Estas notificaciones deber\u00e1n ser enviadas por correo electr\u00f3nico a la direcci\u00f3n&nbsp;<a href=\"mailto:info@australventures.eu\">info@australventures.eu<\/a>.<\/p>\n\n\n\n<div style=\"height:50px\" aria-hidden=\"true\" class=\"wp-block-spacer\" data-block-type=\"core\"><\/div>\n\n<\/div>\n    <\/div>\n<\/section>\n","protected":false},"excerpt":{"rendered":"","protected":false},"author":2,"featured_media":0,"parent":0,"menu_order":0,"comment_status":"closed","ping_status":"closed","template":"","meta":{"_acf_changed":false,"_uag_custom_page_level_css":"","footnotes":""},"class_list":["post-82","page","type-page","status-publish","hentry"],"acf":[],"yoast_head":"<!-- This site is optimized with the Yoast SEO plugin v26.5 - https:\/\/yoast.com\/wordpress\/plugins\/seo\/ -->\n<title>Aviso legal - Austral Venture Gesti\u00f3n<\/title>\n<meta name=\"description\" content=\"Somos una plataforma de inversi\u00f3n y gesti\u00f3n en el sector de las renovables en Espa\u00f1a especializados en tecnolog\u00eda fotovoltaica.\" \/>\n<meta name=\"robots\" content=\"index, follow, max-snippet:-1, max-image-preview:large, max-video-preview:-1\" \/>\n<link rel=\"canonical\" href=\"https:\/\/www.australventures.eu\/es\/aviso-legal\/\" \/>\n<meta property=\"og:locale\" content=\"es_ES\" \/>\n<meta property=\"og:type\" content=\"article\" \/>\n<meta property=\"og:title\" content=\"Aviso legal - Austral Venture Gesti\u00f3n\" \/>\n<meta property=\"og:description\" content=\"Somos una plataforma de inversi\u00f3n y gesti\u00f3n en el sector de las renovables en Espa\u00f1a especializados en tecnolog\u00eda fotovoltaica.\" \/>\n<meta property=\"og:url\" content=\"https:\/\/www.australventures.eu\/es\/aviso-legal\/\" \/>\n<meta property=\"og:site_name\" content=\"Austral Venture Gesti\u00f3n\" \/>\n<meta property=\"article:modified_time\" content=\"2024-11-14T09:20:37+00:00\" \/>\n<meta name=\"twitter:card\" content=\"summary_large_image\" \/>\n<meta name=\"twitter:label1\" content=\"Tiempo de lectura\" \/>\n\t<meta name=\"twitter:data1\" content=\"8 minutos\" \/>\n<script type=\"application\/ld+json\" class=\"yoast-schema-graph\">{\"@context\":\"https:\/\/schema.org\",\"@graph\":[{\"@type\":\"WebPage\",\"@id\":\"https:\/\/www.australventures.eu\/es\/aviso-legal\/\",\"url\":\"https:\/\/www.australventures.eu\/es\/aviso-legal\/\",\"name\":\"Aviso legal - Austral Venture Gesti\u00f3n\",\"isPartOf\":{\"@id\":\"https:\/\/www.australventures.eu\/es\/#website\"},\"datePublished\":\"2022-08-02T04:33:00+00:00\",\"dateModified\":\"2024-11-14T09:20:37+00:00\",\"description\":\"Somos una plataforma de inversi\u00f3n y gesti\u00f3n en el sector de las renovables en Espa\u00f1a especializados en tecnolog\u00eda fotovoltaica.\",\"breadcrumb\":{\"@id\":\"https:\/\/www.australventures.eu\/es\/aviso-legal\/#breadcrumb\"},\"inLanguage\":\"es\",\"potentialAction\":[{\"@type\":\"ReadAction\",\"target\":[\"https:\/\/www.australventures.eu\/es\/aviso-legal\/\"]}]},{\"@type\":\"BreadcrumbList\",\"@id\":\"https:\/\/www.australventures.eu\/es\/aviso-legal\/#breadcrumb\",\"itemListElement\":[{\"@type\":\"ListItem\",\"position\":1,\"name\":\"Home\",\"item\":\"https:\/\/www.australventures.eu\/es\/\"},{\"@type\":\"ListItem\",\"position\":2,\"name\":\"Aviso legal\"}]},{\"@type\":\"WebSite\",\"@id\":\"https:\/\/www.australventures.eu\/es\/#website\",\"url\":\"https:\/\/www.australventures.eu\/es\/\",\"name\":\"Austral Venture Gesti\u00f3n\",\"description\":\"Austral Venture Gesti\u00f3n somos una plataforma de inversi\u00f3n y gesti\u00f3n en el sector de las renovables en Espa\u00f1a especializados en tecnolog\u00eda fotovoltaica.\",\"publisher\":{\"@id\":\"https:\/\/www.australventures.eu\/es\/#organization\"},\"potentialAction\":[{\"@type\":\"SearchAction\",\"target\":{\"@type\":\"EntryPoint\",\"urlTemplate\":\"https:\/\/www.australventures.eu\/es\/?s={search_term_string}\"},\"query-input\":{\"@type\":\"PropertyValueSpecification\",\"valueRequired\":true,\"valueName\":\"search_term_string\"}}],\"inLanguage\":\"es\"},{\"@type\":\"Organization\",\"@id\":\"https:\/\/www.australventures.eu\/es\/#organization\",\"name\":\"Austral Venture Gesti\u00f3n\",\"url\":\"https:\/\/www.australventures.eu\/es\/\",\"logo\":{\"@type\":\"ImageObject\",\"inLanguage\":\"es\",\"@id\":\"https:\/\/www.australventures.eu\/es\/#\/schema\/logo\/image\/\",\"url\":\"https:\/\/www.australventures.eu\/wp-content\/uploads\/2024\/11\/logo-black.svg\",\"contentUrl\":\"https:\/\/www.australventures.eu\/wp-content\/uploads\/2024\/11\/logo-black.svg\",\"width\":329,\"height\":83,\"caption\":\"Austral Venture Gesti\u00f3n\"},\"image\":{\"@id\":\"https:\/\/www.australventures.eu\/es\/#\/schema\/logo\/image\/\"}}]}<\/script>\n<!-- \/ Yoast SEO plugin. -->","yoast_head_json":{"title":"Aviso legal - Austral Venture Gesti\u00f3n","description":"Somos una plataforma de inversi\u00f3n y gesti\u00f3n en el sector de las renovables en Espa\u00f1a especializados en tecnolog\u00eda fotovoltaica.","robots":{"index":"index","follow":"follow","max-snippet":"max-snippet:-1","max-image-preview":"max-image-preview:large","max-video-preview":"max-video-preview:-1"},"canonical":"https:\/\/www.australventures.eu\/es\/aviso-legal\/","og_locale":"es_ES","og_type":"article","og_title":"Aviso legal - Austral Venture Gesti\u00f3n","og_description":"Somos una plataforma de inversi\u00f3n y gesti\u00f3n en el sector de las renovables en Espa\u00f1a especializados en tecnolog\u00eda fotovoltaica.","og_url":"https:\/\/www.australventures.eu\/es\/aviso-legal\/","og_site_name":"Austral Venture Gesti\u00f3n","article_modified_time":"2024-11-14T09:20:37+00:00","twitter_card":"summary_large_image","twitter_misc":{"Tiempo de lectura":"8 minutos"},"schema":{"@context":"https:\/\/schema.org","@graph":[{"@type":"WebPage","@id":"https:\/\/www.australventures.eu\/es\/aviso-legal\/","url":"https:\/\/www.australventures.eu\/es\/aviso-legal\/","name":"Aviso legal - Austral Venture Gesti\u00f3n","isPartOf":{"@id":"https:\/\/www.australventures.eu\/es\/#website"},"datePublished":"2022-08-02T04:33:00+00:00","dateModified":"2024-11-14T09:20:37+00:00","description":"Somos una plataforma de inversi\u00f3n y gesti\u00f3n en el sector de las renovables en Espa\u00f1a especializados en tecnolog\u00eda fotovoltaica.","breadcrumb":{"@id":"https:\/\/www.australventures.eu\/es\/aviso-legal\/#breadcrumb"},"inLanguage":"es","potentialAction":[{"@type":"ReadAction","target":["https:\/\/www.australventures.eu\/es\/aviso-legal\/"]}]},{"@type":"BreadcrumbList","@id":"https:\/\/www.australventures.eu\/es\/aviso-legal\/#breadcrumb","itemListElement":[{"@type":"ListItem","position":1,"name":"Home","item":"https:\/\/www.australventures.eu\/es\/"},{"@type":"ListItem","position":2,"name":"Aviso legal"}]},{"@type":"WebSite","@id":"https:\/\/www.australventures.eu\/es\/#website","url":"https:\/\/www.australventures.eu\/es\/","name":"Austral Venture Gesti\u00f3n","description":"Austral Venture Gesti\u00f3n somos una plataforma de inversi\u00f3n y gesti\u00f3n en el sector de las renovables en Espa\u00f1a especializados en tecnolog\u00eda fotovoltaica.","publisher":{"@id":"https:\/\/www.australventures.eu\/es\/#organization"},"potentialAction":[{"@type":"SearchAction","target":{"@type":"EntryPoint","urlTemplate":"https:\/\/www.australventures.eu\/es\/?s={search_term_string}"},"query-input":{"@type":"PropertyValueSpecification","valueRequired":true,"valueName":"search_term_string"}}],"inLanguage":"es"},{"@type":"Organization","@id":"https:\/\/www.australventures.eu\/es\/#organization","name":"Austral Venture Gesti\u00f3n","url":"https:\/\/www.australventures.eu\/es\/","logo":{"@type":"ImageObject","inLanguage":"es","@id":"https:\/\/www.australventures.eu\/es\/#\/schema\/logo\/image\/","url":"https:\/\/www.australventures.eu\/wp-content\/uploads\/2024\/11\/logo-black.svg","contentUrl":"https:\/\/www.australventures.eu\/wp-content\/uploads\/2024\/11\/logo-black.svg","width":329,"height":83,"caption":"Austral Venture Gesti\u00f3n"},"image":{"@id":"https:\/\/www.australventures.eu\/es\/#\/schema\/logo\/image\/"}}]}},"uagb_featured_image_src":{"full":false,"thumbnail":false,"medium":false,"medium_large":false,"large":false,"1536x1536":false,"2048x2048":false},"uagb_author_info":{"display_name":"Austral","author_link":"https:\/\/www.australventures.eu\/es\/author\/admin_austral\/"},"uagb_comment_info":0,"uagb_excerpt":null,"_links":{"self":[{"href":"https:\/\/www.australventures.eu\/es\/wp-json\/wp\/v2\/pages\/82","targetHints":{"allow":["GET"]}}],"collection":[{"href":"https:\/\/www.australventures.eu\/es\/wp-json\/wp\/v2\/pages"}],"about":[{"href":"https:\/\/www.australventures.eu\/es\/wp-json\/wp\/v2\/types\/page"}],"author":[{"embeddable":true,"href":"https:\/\/www.australventures.eu\/es\/wp-json\/wp\/v2\/users\/2"}],"replies":[{"embeddable":true,"href":"https:\/\/www.australventures.eu\/es\/wp-json\/wp\/v2\/comments?post=82"}],"version-history":[{"count":3,"href":"https:\/\/www.australventures.eu\/es\/wp-json\/wp\/v2\/pages\/82\/revisions"}],"predecessor-version":[{"id":116,"href":"https:\/\/www.australventures.eu\/es\/wp-json\/wp\/v2\/pages\/82\/revisions\/116"}],"wp:attachment":[{"href":"https:\/\/www.australventures.eu\/es\/wp-json\/wp\/v2\/media?parent=82"}],"curies":[{"name":"wp","href":"https:\/\/api.w.org\/{rel}","templated":true}]}}