{"id":261,"date":"2022-08-02T06:35:00","date_gmt":"2022-08-02T04:35:00","guid":{"rendered":"https:\/\/www.australventures.eu\/productos\/"},"modified":"2025-07-09T09:50:18","modified_gmt":"2025-07-09T07:50:18","slug":"products","status":"publish","type":"page","link":"https:\/\/www.australventures.eu\/en\/products\/","title":{"rendered":"Vehicles"},"content":{"rendered":"\n<div class=\"wp-block-cover alignfull\" style=\"margin-top:0;padding-top:48px;padding-right:48px;padding-bottom:48px;padding-left:48px;min-height:45vh;aspect-ratio:unset;\" data-block-type=\"core\"><img loading=\"lazy\" decoding=\"async\" width=\"1366\" height=\"768\" class=\"wp-block-cover__image-background wp-image-633\" alt=\"\" src=\"https:\/\/www.australventures.eu\/wp-content\/uploads\/2024\/12\/fotos_para-web1-1-1.png\" data-object-fit=\"cover\" srcset=\"https:\/\/www.australventures.eu\/wp-content\/uploads\/2024\/12\/fotos_para-web1-1-1.png 1366w, https:\/\/www.australventures.eu\/wp-content\/uploads\/2024\/12\/fotos_para-web1-1-1-300x169.png 300w, https:\/\/www.australventures.eu\/wp-content\/uploads\/2024\/12\/fotos_para-web1-1-1-1024x576.png 1024w, https:\/\/www.australventures.eu\/wp-content\/uploads\/2024\/12\/fotos_para-web1-1-1-768x432.png 768w\" sizes=\"auto, (max-width: 1366px) 100vw, 1366px\" \/><span aria-hidden=\"true\" class=\"wp-block-cover__background has-background-dim-0 has-background-dim\" style=\"background-color:#5c99c6\"><\/span><div class=\"wp-block-cover__inner-container is-layout-flow wp-block-cover-is-layout-flow\">\n<h1 class=\"wp-block-heading has-text-align-center has-large-font-size\" data-block-type=\"core\"><strong>VEHICLES IN MANAGEMENT<\/strong><\/h1>\n<\/div><\/div>\n\n\n\n<div class=\"wp-block-group\" data-block-type=\"core\"><div class=\"wp-block-group__inner-container is-layout-constrained wp-block-group-is-layout-constrained\">\n<div class=\"block-product\">\n<div class=\"content-wrapper grey\">\n        <div class=\"container position\">\n            <fieldset class=\"product\">\n                <legend class=\"title\"><h2>AXVEN ENERGY I SCR SA<\/h2><\/legend>\n                <div class=\"description\">\n                   <p><p>Private Equity fund that seeks to generate value for its investors by taking temporary stakes in the equity of non-real estate and non-financial companies which, at the time of taking a stake, are not listed on the first stock exchange market or on any other equivalent regulated market in the European Union or in the other member countries of the Organisation for Economic Cooperation and Development, <b>and which develop projects for the construction and operation of photovoltaic plants of five (5) or more megawatts (\u2018MW\u2019) and which are located in Spain<\/b>.<\/p>\n<\/p>\n                <\/div>\n                <div class=\"body\">\n                                            <div class=\"link\">\n                            <a class=\"button\" href=\"https:\/\/www.cnmv.es\/portal\/Consultas\/ECR\/Sociedad.aspx?nif=A01947282\" target=\"_blank\" title=\"More information at CNMV\">More information at CNMV<\/a>                        <\/div>\n                                                                <div class=\"image\">\n                            <img decoding=\"async\" src=\"https:\/\/www.australventures.eu\/wp-content\/uploads\/2024\/11\/CNMV_logo.svg\" alt=\"\" class=\"img-product\">                        <\/div>\n                                    <\/div>\n            <\/fieldset>\n        <\/div>\n    <\/div>\n<\/div>\n\n\n\n<div class=\"block-product\">\n<div class=\"content-wrapper grey\">\n        <div class=\"container position\">\n            <fieldset class=\"product\">\n                <legend class=\"title\"><h2>AUVEN PV SOLAR ENERGY SCR SA<\/h2><\/legend>\n                <div class=\"description\">\n                   <p><p>A Private Equity fund that seeks to generate value for its investors by taking temporary stakes in the capital of non-real estate and non-financial companies which, at the time of taking a stake, are not listed on the first stock exchange market or any other equivalent regulated market in the European Union or the other member countries of the Organisation for Economic Cooperation and Development, and which are developing photovoltaic plant projects located in Spain and Portugal.<\/p>\n<p>These projects will have obtained or will be in the process of obtaining the authorisations, permits and licences, of whatever nature, that are necessary to begin construction in accordance with the applicable regulations and that, in any case, have formalised the corresponding contracts, of whatever nature, for at least ninety per cent (90%) of the land on which the projects will be developed. For clarification purposes, projects consisting of the incorporation of other accessory technologies to photovoltaic plants shall also be understood as projects.<\/p>\n<p>Translated with DeepL.com (free version)<\/p>\n<\/p>\n                <\/div>\n                <div class=\"body\">\n                                            <div class=\"link\">\n                            <a class=\"button\" href=\"https:\/\/www.cnmv.es\/portal\/Consultas\/ECR\/Sociedad.aspx?nif=A01947282\" target=\"_blank\" title=\"More information at CNMV\">More information at CNMV<\/a>                        <\/div>\n                                                                <div class=\"image\">\n                            <img decoding=\"async\" src=\"https:\/\/www.australventures.eu\/wp-content\/uploads\/2024\/11\/CNMV_logo.svg\" alt=\"\" class=\"img-product\">                        <\/div>\n                                    <\/div>\n            <\/fieldset>\n        <\/div>\n    <\/div>\n<\/div>\n\n\n\n<div class=\"block-product\">\n<div class=\"content-wrapper grey\">\n        <div class=\"container position\">\n            <fieldset class=\"product\">\n                <legend class=\"title\"><h2>ARVEN SOLIS ENERGY, SOCIEDAD DE CAPITAL RIESGO, S.A.<\/h2><\/legend>\n                <div class=\"description\">\n                   <p><p>A Private Equity fund that seeks to generate value for its investors by taking temporary stakes in the capital of non-real estate and non-financial companies which, at the time of taking a stake, are not listed on the first stock exchange market or on any other equivalent regulated market in the European Union or in the other member countries of the Organisation for Economic Cooperation and Development, that carry out their activity in the electricity generation sector through the use of photovoltaic solar technology, through installations, whether ground or rooftop, that are already built, operational and whose remuneration is regulated by Royal Decree 413\/2014, of 6 June, which regulates the activity of electricity production from renewable energy sources, cogeneration and waste and which have a nominal power of at least 45 kWn.<\/p>\n<p>These assets benefit from the specific remuneration system regulated in article 11 of the aforementioned Royal Decree. This regulation establishes that the installations covered will obtain, in addition to the remuneration for the sale of energy at the wholesale market price, two additional remunerations, which guarantee a \u2018reasonable profitability\u2019, consisting of an annual remuneration from the state for the investment made and compensation for operations.<\/p>\n<p>Their useful life has been set at 30 years from commissioning and the amounts paid are reviewed and adjusted in 3-year sub-periods by the competent authorities.<\/p>\n<p>&nbsp;<\/p>\n<p>&nbsp;<\/p>\n<\/p>\n                <\/div>\n                <div class=\"body\">\n                                            <div class=\"link\">\n                            <a class=\"button\" href=\"https:\/\/www.cnmv.es\/portal\/consultas\/ecr\/sociedad?nif=A75637694&#038;lang=es\" target=\"_self\" title=\"More information at CNMV\">More information at CNMV<\/a>                        <\/div>\n                                                                <div class=\"image\">\n                            <img decoding=\"async\" src=\"https:\/\/www.australventures.eu\/wp-content\/uploads\/2024\/11\/CNMV_logo.svg\" alt=\"\" class=\"img-product\">                        <\/div>\n                                    <\/div>\n            <\/fieldset>\n        <\/div>\n    <\/div>\n<\/div>\n\n\n\n<div class=\"block-product\">\n<div class=\"content-wrapper grey\">\n        <div class=\"container position\">\n            <fieldset class=\"product\">\n                <legend class=\"title\"><h2>AUSTRAL VENTURE PYME SOCIEDAD DE CAPITAL DE RIESGO-PYME  SA<\/h2><\/legend>\n                <div class=\"description\">\n                   <p><p><strong>Our first vehicle focused on investing in startups and SMEs, with a focus on industry, energy and technology.<\/strong><\/p>\n<p>The objective of the vehicle is to invest in between 20-30 pre-seed companies over the next four years. The vehicle&#8217;s management team and advisors also provide support to the invested companies in different areas, such as professionalising the sales force, supporting the growth of the team, restructuring debt and leverage, reviewing the Neotec-Enisa presentation, connecting with investors, funds and accelerators, C-Level screening interviews, and validating innovation with Austral&#8217;s partner corporations.<\/p>\n<p>&nbsp;<\/p>\n<\/p>\n                <\/div>\n                <div class=\"body\">\n                                            <div class=\"link\">\n                            <a class=\"button\" href=\"https:\/\/internet.cnmv.es\/portal\/consultas\/ecr\/sociedad.aspx?nif=A56423338&#038;lang=es%20\" target=\"_blank\" title=\"More information at CNMV\">More information at CNMV<\/a>                        <\/div>\n                                                                <div class=\"image\">\n                            <img decoding=\"async\" src=\"https:\/\/www.australventures.eu\/wp-content\/uploads\/2024\/11\/CNMV_logo.svg\" alt=\"\" class=\"img-product\">                        <\/div>\n                                    <\/div>\n            <\/fieldset>\n        <\/div>\n    <\/div>\n<\/div>\n<\/div><\/div>\n\n\n\n<p data-block-type=\"core\"><\/p>\n","protected":false},"excerpt":{"rendered":"","protected":false},"author":2,"featured_media":0,"parent":0,"menu_order":0,"comment_status":"closed","ping_status":"closed","template":"","meta":{"_acf_changed":false,"_uag_custom_page_level_css":"","footnotes":""},"class_list":["post-261","page","type-page","status-publish","hentry"],"acf":[],"yoast_head":"<!-- This site is optimized with the Yoast SEO plugin v26.5 - https:\/\/yoast.com\/wordpress\/plugins\/seo\/ -->\n<title>Vehicles - Austral Venture Gesti\u00f3n<\/title>\n<meta name=\"description\" content=\"Somos una plataforma de inversi\u00f3n y gesti\u00f3n en el sector de las renovables en Espa\u00f1a especializados en tecnolog\u00eda fotovoltaica.\" \/>\n<meta name=\"robots\" content=\"index, follow, max-snippet:-1, max-image-preview:large, max-video-preview:-1\" \/>\n<link rel=\"canonical\" href=\"https:\/\/www.australventures.eu\/en\/products\/\" \/>\n<meta property=\"og:locale\" content=\"en_US\" \/>\n<meta property=\"og:type\" content=\"article\" \/>\n<meta property=\"og:title\" content=\"Vehicles - Austral Venture Gesti\u00f3n\" \/>\n<meta property=\"og:description\" content=\"Somos una plataforma de inversi\u00f3n y gesti\u00f3n en el sector de las renovables en Espa\u00f1a especializados en tecnolog\u00eda fotovoltaica.\" \/>\n<meta property=\"og:url\" content=\"https:\/\/www.australventures.eu\/en\/products\/\" \/>\n<meta property=\"og:site_name\" content=\"Austral Venture Gesti\u00f3n\" \/>\n<meta property=\"article:modified_time\" content=\"2025-07-09T07:50:18+00:00\" \/>\n<meta property=\"og:image\" content=\"https:\/\/www.australventures.eu\/wp-content\/uploads\/2024\/12\/fotos_para-web1-1-1.png\" \/>\n\t<meta property=\"og:image:width\" content=\"1366\" \/>\n\t<meta property=\"og:image:height\" content=\"768\" \/>\n\t<meta property=\"og:image:type\" content=\"image\/png\" \/>\n<meta name=\"twitter:card\" content=\"summary_large_image\" \/>\n<meta name=\"twitter:label1\" content=\"Est. reading time\" \/>\n\t<meta name=\"twitter:data1\" content=\"1 minute\" \/>\n<script type=\"application\/ld+json\" class=\"yoast-schema-graph\">{\"@context\":\"https:\/\/schema.org\",\"@graph\":[{\"@type\":\"WebPage\",\"@id\":\"https:\/\/www.australventures.eu\/en\/products\/\",\"url\":\"https:\/\/www.australventures.eu\/en\/products\/\",\"name\":\"Vehicles - Austral Venture Gesti\u00f3n\",\"isPartOf\":{\"@id\":\"https:\/\/www.australventures.eu\/es\/#website\"},\"primaryImageOfPage\":{\"@id\":\"https:\/\/www.australventures.eu\/en\/products\/#primaryimage\"},\"image\":{\"@id\":\"https:\/\/www.australventures.eu\/en\/products\/#primaryimage\"},\"thumbnailUrl\":\"https:\/\/www.australventures.eu\/wp-content\/uploads\/2024\/12\/fotos_para-web1-1-1.png\",\"datePublished\":\"2022-08-02T04:35:00+00:00\",\"dateModified\":\"2025-07-09T07:50:18+00:00\",\"description\":\"Somos una plataforma de inversi\u00f3n y gesti\u00f3n en el sector de las renovables en Espa\u00f1a especializados en tecnolog\u00eda fotovoltaica.\",\"breadcrumb\":{\"@id\":\"https:\/\/www.australventures.eu\/en\/products\/#breadcrumb\"},\"inLanguage\":\"en-US\",\"potentialAction\":[{\"@type\":\"ReadAction\",\"target\":[\"https:\/\/www.australventures.eu\/en\/products\/\"]}]},{\"@type\":\"ImageObject\",\"inLanguage\":\"en-US\",\"@id\":\"https:\/\/www.australventures.eu\/en\/products\/#primaryimage\",\"url\":\"https:\/\/www.australventures.eu\/wp-content\/uploads\/2024\/12\/fotos_para-web1-1-1.png\",\"contentUrl\":\"https:\/\/www.australventures.eu\/wp-content\/uploads\/2024\/12\/fotos_para-web1-1-1.png\"},{\"@type\":\"BreadcrumbList\",\"@id\":\"https:\/\/www.australventures.eu\/en\/products\/#breadcrumb\",\"itemListElement\":[{\"@type\":\"ListItem\",\"position\":1,\"name\":\"Home\",\"item\":\"https:\/\/www.australventures.eu\/en\/\"},{\"@type\":\"ListItem\",\"position\":2,\"name\":\"Vehicles\"}]},{\"@type\":\"WebSite\",\"@id\":\"https:\/\/www.australventures.eu\/es\/#website\",\"url\":\"https:\/\/www.australventures.eu\/es\/\",\"name\":\"Austral Venture Gesti\u00f3n\",\"description\":\"Austral Venture Gesti\u00f3n somos una plataforma de inversi\u00f3n y gesti\u00f3n en el sector de las renovables en Espa\u00f1a especializados en tecnolog\u00eda fotovoltaica.\",\"publisher\":{\"@id\":\"https:\/\/www.australventures.eu\/es\/#organization\"},\"potentialAction\":[{\"@type\":\"SearchAction\",\"target\":{\"@type\":\"EntryPoint\",\"urlTemplate\":\"https:\/\/www.australventures.eu\/es\/?s={search_term_string}\"},\"query-input\":{\"@type\":\"PropertyValueSpecification\",\"valueRequired\":true,\"valueName\":\"search_term_string\"}}],\"inLanguage\":\"en-US\"},{\"@type\":\"Organization\",\"@id\":\"https:\/\/www.australventures.eu\/es\/#organization\",\"name\":\"Austral Venture Gesti\u00f3n\",\"url\":\"https:\/\/www.australventures.eu\/es\/\",\"logo\":{\"@type\":\"ImageObject\",\"inLanguage\":\"en-US\",\"@id\":\"https:\/\/www.australventures.eu\/es\/#\/schema\/logo\/image\/\",\"url\":\"https:\/\/www.australventures.eu\/wp-content\/uploads\/2024\/11\/logo-black.svg\",\"contentUrl\":\"https:\/\/www.australventures.eu\/wp-content\/uploads\/2024\/11\/logo-black.svg\",\"width\":329,\"height\":83,\"caption\":\"Austral Venture Gesti\u00f3n\"},\"image\":{\"@id\":\"https:\/\/www.australventures.eu\/es\/#\/schema\/logo\/image\/\"}}]}<\/script>\n<!-- \/ Yoast SEO plugin. -->","yoast_head_json":{"title":"Vehicles - Austral Venture Gesti\u00f3n","description":"Somos una plataforma de inversi\u00f3n y gesti\u00f3n en el sector de las renovables en Espa\u00f1a especializados en tecnolog\u00eda fotovoltaica.","robots":{"index":"index","follow":"follow","max-snippet":"max-snippet:-1","max-image-preview":"max-image-preview:large","max-video-preview":"max-video-preview:-1"},"canonical":"https:\/\/www.australventures.eu\/en\/products\/","og_locale":"en_US","og_type":"article","og_title":"Vehicles - Austral Venture Gesti\u00f3n","og_description":"Somos una plataforma de inversi\u00f3n y gesti\u00f3n en el sector de las renovables en Espa\u00f1a especializados en tecnolog\u00eda fotovoltaica.","og_url":"https:\/\/www.australventures.eu\/en\/products\/","og_site_name":"Austral Venture Gesti\u00f3n","article_modified_time":"2025-07-09T07:50:18+00:00","og_image":[{"width":1366,"height":768,"url":"https:\/\/www.australventures.eu\/wp-content\/uploads\/2024\/12\/fotos_para-web1-1-1.png","type":"image\/png"}],"twitter_card":"summary_large_image","twitter_misc":{"Est. reading time":"1 minute"},"schema":{"@context":"https:\/\/schema.org","@graph":[{"@type":"WebPage","@id":"https:\/\/www.australventures.eu\/en\/products\/","url":"https:\/\/www.australventures.eu\/en\/products\/","name":"Vehicles - Austral Venture Gesti\u00f3n","isPartOf":{"@id":"https:\/\/www.australventures.eu\/es\/#website"},"primaryImageOfPage":{"@id":"https:\/\/www.australventures.eu\/en\/products\/#primaryimage"},"image":{"@id":"https:\/\/www.australventures.eu\/en\/products\/#primaryimage"},"thumbnailUrl":"https:\/\/www.australventures.eu\/wp-content\/uploads\/2024\/12\/fotos_para-web1-1-1.png","datePublished":"2022-08-02T04:35:00+00:00","dateModified":"2025-07-09T07:50:18+00:00","description":"Somos una plataforma de inversi\u00f3n y gesti\u00f3n en el sector de las renovables en Espa\u00f1a especializados en tecnolog\u00eda fotovoltaica.","breadcrumb":{"@id":"https:\/\/www.australventures.eu\/en\/products\/#breadcrumb"},"inLanguage":"en-US","potentialAction":[{"@type":"ReadAction","target":["https:\/\/www.australventures.eu\/en\/products\/"]}]},{"@type":"ImageObject","inLanguage":"en-US","@id":"https:\/\/www.australventures.eu\/en\/products\/#primaryimage","url":"https:\/\/www.australventures.eu\/wp-content\/uploads\/2024\/12\/fotos_para-web1-1-1.png","contentUrl":"https:\/\/www.australventures.eu\/wp-content\/uploads\/2024\/12\/fotos_para-web1-1-1.png"},{"@type":"BreadcrumbList","@id":"https:\/\/www.australventures.eu\/en\/products\/#breadcrumb","itemListElement":[{"@type":"ListItem","position":1,"name":"Home","item":"https:\/\/www.australventures.eu\/en\/"},{"@type":"ListItem","position":2,"name":"Vehicles"}]},{"@type":"WebSite","@id":"https:\/\/www.australventures.eu\/es\/#website","url":"https:\/\/www.australventures.eu\/es\/","name":"Austral Venture Gesti\u00f3n","description":"Austral Venture Gesti\u00f3n somos una plataforma de inversi\u00f3n y gesti\u00f3n en el sector de las renovables en Espa\u00f1a especializados en tecnolog\u00eda fotovoltaica.","publisher":{"@id":"https:\/\/www.australventures.eu\/es\/#organization"},"potentialAction":[{"@type":"SearchAction","target":{"@type":"EntryPoint","urlTemplate":"https:\/\/www.australventures.eu\/es\/?s={search_term_string}"},"query-input":{"@type":"PropertyValueSpecification","valueRequired":true,"valueName":"search_term_string"}}],"inLanguage":"en-US"},{"@type":"Organization","@id":"https:\/\/www.australventures.eu\/es\/#organization","name":"Austral Venture Gesti\u00f3n","url":"https:\/\/www.australventures.eu\/es\/","logo":{"@type":"ImageObject","inLanguage":"en-US","@id":"https:\/\/www.australventures.eu\/es\/#\/schema\/logo\/image\/","url":"https:\/\/www.australventures.eu\/wp-content\/uploads\/2024\/11\/logo-black.svg","contentUrl":"https:\/\/www.australventures.eu\/wp-content\/uploads\/2024\/11\/logo-black.svg","width":329,"height":83,"caption":"Austral Venture Gesti\u00f3n"},"image":{"@id":"https:\/\/www.australventures.eu\/es\/#\/schema\/logo\/image\/"}}]}},"uagb_featured_image_src":{"full":false,"thumbnail":false,"medium":false,"medium_large":false,"large":false,"1536x1536":false,"2048x2048":false},"uagb_author_info":{"display_name":"Austral","author_link":"https:\/\/www.australventures.eu\/en\/author\/admin_austral\/"},"uagb_comment_info":0,"uagb_excerpt":null,"_links":{"self":[{"href":"https:\/\/www.australventures.eu\/en\/wp-json\/wp\/v2\/pages\/261","targetHints":{"allow":["GET"]}}],"collection":[{"href":"https:\/\/www.australventures.eu\/en\/wp-json\/wp\/v2\/pages"}],"about":[{"href":"https:\/\/www.australventures.eu\/en\/wp-json\/wp\/v2\/types\/page"}],"author":[{"embeddable":true,"href":"https:\/\/www.australventures.eu\/en\/wp-json\/wp\/v2\/users\/2"}],"replies":[{"embeddable":true,"href":"https:\/\/www.australventures.eu\/en\/wp-json\/wp\/v2\/comments?post=261"}],"version-history":[{"count":8,"href":"https:\/\/www.australventures.eu\/en\/wp-json\/wp\/v2\/pages\/261\/revisions"}],"predecessor-version":[{"id":1027,"href":"https:\/\/www.australventures.eu\/en\/wp-json\/wp\/v2\/pages\/261\/revisions\/1027"}],"wp:attachment":[{"href":"https:\/\/www.australventures.eu\/en\/wp-json\/wp\/v2\/media?parent=261"}],"curies":[{"name":"wp","href":"https:\/\/api.w.org\/{rel}","templated":true}]}}