{"id":259,"date":"2022-08-02T06:34:00","date_gmt":"2022-08-02T04:34:00","guid":{"rendered":"https:\/\/www.australventures.eu\/politica-de-cookies\/"},"modified":"2024-11-15T12:31:57","modified_gmt":"2024-11-15T11:31:57","slug":"cookies-policy","status":"publish","type":"page","link":"https:\/\/www.australventures.eu\/en\/cookies-policy\/","title":{"rendered":"Cookies Policy"},"content":{"rendered":"\n<section class=\"blocks-engine block-section\">\n    <div class=\"container\">\n        <div class=\"acf-innerblocks-container\">\n\n<h1 class=\"wp-block-heading has-x-large-font-size\" data-block-type=\"core\">Cookies Policy<\/h1>\n\n\n\n<p data-block-type=\"core\"><a href=\"http:\/\/www.australventures.eu\/\">http:\/\/www.australventures.eu\/<\/a><\/p>\n\n\n\n<p data-block-type=\"core\">Access to this Website may imply the use of cookies. Cookies are small amounts of information that are stored in the browser used by each User \u2014in the different devices that they may use to navigate\u2014 so that the server remembers certain information that later and only the server that implemented it will read. Cookies facilitate navigation, make it more user-friendly, and do not damage the navigation device.<\/p>\n\n\n\n<p data-block-type=\"core\">Cookies are automatic procedures for collecting information related to the preferences determined by the User during his visit to the Website in order to recognize him as a User, and personalize his experience and use of the Website, and they can also, for example, help identify and resolve mistakes.<\/p>\n\n\n\n<p data-block-type=\"core\">The information collected through cookies may include the date and time of visits to the Website, the pages viewed, the time spent on the Website and the sites visited just before and after it. However, no cookie allows it to contact the User\u2019s phone number or any other means of personal contact. No cookie can extract information from the User\u2019s hard drive or steal personal information. The only way that the User\u2019s private information is part of the Cookie file is for the user to personally give that information to the server.<\/p>\n\n\n\n<p data-block-type=\"core\">Cookies that allow a person to be identified are considered personal data. Therefore, the Privacy Policy described above will apply to them. In this sense, for the use of the same, the consent of the User will be necessary. This consent will be communicated, based on an authentic choice, offered through an affirmative and positive decision, before the initial treatment, removable and documented.<\/p>\n\n\n\n<h3 class=\"wp-block-heading has-medium-font-size\" data-block-type=\"core\"><strong>Own cookies<\/strong><\/h3>\n\n\n\n<p data-block-type=\"core\">They are those cookies that are sent to the User\u2019s computer or device and managed exclusively by Inversi\u00f3n en fotovoltaicas for the best functioning of the Website. The information that is collected is used to improve the quality of the Website and its Content and your experience as a User. These cookies allow the User to be recognized as a recurring visitor to the Website and adapt the content to offer content that meets their preferences.<\/p>\n\n\n\n<h3 class=\"wp-block-heading has-medium-font-size\" data-block-type=\"core\"><strong>Third party cookies<\/strong><\/h3>\n\n\n\n<p data-block-type=\"core\">They are cookies used and managed by external entities that provide Inversi\u00f3n en fotovoltaicas services requested by it to improve the Website and the user experience when browsing the Website. The main purposes for which third-party cookies are used are to obtain access statistics and analyze navigation information, that is, how the User interacts with the Website.<br>The information obtained refers, for example, to the number of pages visited, the language, the place to which the IP address from which the User accesses, the number of Users who access, the frequency and recurrence of visits, the visit time, the browser they use, the operator or type of device from which the visit is made. This information is used to improve the Website, and detect new needs to offer Users a Content and \/ or service of the highest quality. In any case, the information is collected anonymously and trend reports on the Website are prepared without identifying individual users.<br>You can obtain more information about cookies, information about privacy, or consult the description of the type of cookies used, their main characteristics, expiration period, etc. at the following link (s):<\/p>\n\n\n\n<p data-block-type=\"core\">Google Analytics:&nbsp;<a href=\"https:\/\/developers.google.com\/analytics\/\">https:\/\/developers.google.com\/analytics\/<\/a><\/p>\n\n\n\n<p data-block-type=\"core\">The entity or entities in charge of supplying cookies may transfer this information to third parties, as long as it is required by law or it is a third party that processes this information for said entities.<\/p>\n\n\n\n<h3 class=\"wp-block-heading has-medium-font-size\" data-block-type=\"core\"><strong>Disable, reject and delete cookies<\/strong><\/h3>\n\n\n\n<p data-block-type=\"core\">The User can disable, reject and delete the cookies \u2013 totally or partially \u2013 installed on his device through the configuration of his browser (among which are, for example, Chrome, Firefox, Safari, Explorer). In this sense, the procedures for rejecting and deleting cookies may differ from one Internet browser to another. Consequently, the User must refer to the instructions provided by the Internet browser they are using. In the event that you reject the use of cookies \u2013 totally or partially \u2013 you may continue to use the Website, although the use of some of its features may be limited.<\/p>\n\n\n\n<div style=\"height:50px\" aria-hidden=\"true\" class=\"wp-block-spacer\" data-block-type=\"core\"><\/div>\n\n<\/div>\n    <\/div>\n<\/section>\n","protected":false},"excerpt":{"rendered":"","protected":false},"author":2,"featured_media":0,"parent":0,"menu_order":0,"comment_status":"closed","ping_status":"closed","template":"","meta":{"_acf_changed":false,"_uag_custom_page_level_css":"","footnotes":""},"class_list":["post-259","page","type-page","status-publish","hentry"],"acf":[],"yoast_head":"<!-- This site is optimized with the Yoast SEO plugin v26.5 - https:\/\/yoast.com\/wordpress\/plugins\/seo\/ -->\n<title>Cookies Policy - Austral Venture Gesti\u00f3n<\/title>\n<meta name=\"description\" content=\"Somos una plataforma de inversi\u00f3n y gesti\u00f3n en el sector de las renovables en Espa\u00f1a especializados en tecnolog\u00eda fotovoltaica.\" \/>\n<meta name=\"robots\" content=\"index, follow, max-snippet:-1, max-image-preview:large, max-video-preview:-1\" \/>\n<link rel=\"canonical\" href=\"https:\/\/www.australventures.eu\/es\/politica-de-cookies\/\" \/>\n<meta property=\"og:locale\" content=\"en_US\" \/>\n<meta property=\"og:type\" content=\"article\" \/>\n<meta property=\"og:title\" content=\"Cookies Policy - Austral Venture Gesti\u00f3n\" \/>\n<meta property=\"og:description\" content=\"Somos una plataforma de inversi\u00f3n y gesti\u00f3n en el sector de las renovables en Espa\u00f1a especializados en tecnolog\u00eda fotovoltaica.\" \/>\n<meta property=\"og:url\" content=\"https:\/\/www.australventures.eu\/es\/politica-de-cookies\/\" \/>\n<meta property=\"og:site_name\" content=\"Austral Venture Gesti\u00f3n\" \/>\n<meta property=\"article:modified_time\" content=\"2024-11-15T11:31:57+00:00\" \/>\n<meta name=\"twitter:card\" content=\"summary_large_image\" \/>\n<meta name=\"twitter:label1\" content=\"Est. reading time\" \/>\n\t<meta name=\"twitter:data1\" content=\"4 minutes\" \/>\n<script type=\"application\/ld+json\" class=\"yoast-schema-graph\">{\"@context\":\"https:\/\/schema.org\",\"@graph\":[{\"@type\":\"WebPage\",\"@id\":\"https:\/\/www.australventures.eu\/es\/politica-de-cookies\/\",\"url\":\"https:\/\/www.australventures.eu\/es\/politica-de-cookies\/\",\"name\":\"Cookies Policy - Austral Venture Gesti\u00f3n\",\"isPartOf\":{\"@id\":\"https:\/\/www.australventures.eu\/es\/#website\"},\"datePublished\":\"2022-08-02T04:34:00+00:00\",\"dateModified\":\"2024-11-15T11:31:57+00:00\",\"description\":\"Somos una plataforma de inversi\u00f3n y gesti\u00f3n en el sector de las renovables en Espa\u00f1a especializados en tecnolog\u00eda fotovoltaica.\",\"breadcrumb\":{\"@id\":\"https:\/\/www.australventures.eu\/es\/politica-de-cookies\/#breadcrumb\"},\"inLanguage\":\"en-US\",\"potentialAction\":[{\"@type\":\"ReadAction\",\"target\":[\"https:\/\/www.australventures.eu\/es\/politica-de-cookies\/\"]}]},{\"@type\":\"BreadcrumbList\",\"@id\":\"https:\/\/www.australventures.eu\/es\/politica-de-cookies\/#breadcrumb\",\"itemListElement\":[{\"@type\":\"ListItem\",\"position\":1,\"name\":\"Home\",\"item\":\"https:\/\/www.australventures.eu\/en\/\"},{\"@type\":\"ListItem\",\"position\":2,\"name\":\"Cookies Policy\"}]},{\"@type\":\"WebSite\",\"@id\":\"https:\/\/www.australventures.eu\/es\/#website\",\"url\":\"https:\/\/www.australventures.eu\/es\/\",\"name\":\"Austral Venture Gesti\u00f3n\",\"description\":\"Austral Venture Gesti\u00f3n somos una plataforma de inversi\u00f3n y gesti\u00f3n en el sector de las renovables en Espa\u00f1a especializados en tecnolog\u00eda fotovoltaica.\",\"publisher\":{\"@id\":\"https:\/\/www.australventures.eu\/es\/#organization\"},\"potentialAction\":[{\"@type\":\"SearchAction\",\"target\":{\"@type\":\"EntryPoint\",\"urlTemplate\":\"https:\/\/www.australventures.eu\/es\/?s={search_term_string}\"},\"query-input\":{\"@type\":\"PropertyValueSpecification\",\"valueRequired\":true,\"valueName\":\"search_term_string\"}}],\"inLanguage\":\"en-US\"},{\"@type\":\"Organization\",\"@id\":\"https:\/\/www.australventures.eu\/es\/#organization\",\"name\":\"Austral Venture Gesti\u00f3n\",\"url\":\"https:\/\/www.australventures.eu\/es\/\",\"logo\":{\"@type\":\"ImageObject\",\"inLanguage\":\"en-US\",\"@id\":\"https:\/\/www.australventures.eu\/es\/#\/schema\/logo\/image\/\",\"url\":\"https:\/\/www.australventures.eu\/wp-content\/uploads\/2024\/11\/logo-black.svg\",\"contentUrl\":\"https:\/\/www.australventures.eu\/wp-content\/uploads\/2024\/11\/logo-black.svg\",\"width\":329,\"height\":83,\"caption\":\"Austral Venture Gesti\u00f3n\"},\"image\":{\"@id\":\"https:\/\/www.australventures.eu\/es\/#\/schema\/logo\/image\/\"}}]}<\/script>\n<!-- \/ Yoast SEO plugin. -->","yoast_head_json":{"title":"Cookies Policy - Austral Venture Gesti\u00f3n","description":"Somos una plataforma de inversi\u00f3n y gesti\u00f3n en el sector de las renovables en Espa\u00f1a especializados en tecnolog\u00eda fotovoltaica.","robots":{"index":"index","follow":"follow","max-snippet":"max-snippet:-1","max-image-preview":"max-image-preview:large","max-video-preview":"max-video-preview:-1"},"canonical":"https:\/\/www.australventures.eu\/es\/politica-de-cookies\/","og_locale":"en_US","og_type":"article","og_title":"Cookies Policy - Austral Venture Gesti\u00f3n","og_description":"Somos una plataforma de inversi\u00f3n y gesti\u00f3n en el sector de las renovables en Espa\u00f1a especializados en tecnolog\u00eda fotovoltaica.","og_url":"https:\/\/www.australventures.eu\/es\/politica-de-cookies\/","og_site_name":"Austral Venture Gesti\u00f3n","article_modified_time":"2024-11-15T11:31:57+00:00","twitter_card":"summary_large_image","twitter_misc":{"Est. reading time":"4 minutes"},"schema":{"@context":"https:\/\/schema.org","@graph":[{"@type":"WebPage","@id":"https:\/\/www.australventures.eu\/es\/politica-de-cookies\/","url":"https:\/\/www.australventures.eu\/es\/politica-de-cookies\/","name":"Cookies Policy - Austral Venture Gesti\u00f3n","isPartOf":{"@id":"https:\/\/www.australventures.eu\/es\/#website"},"datePublished":"2022-08-02T04:34:00+00:00","dateModified":"2024-11-15T11:31:57+00:00","description":"Somos una plataforma de inversi\u00f3n y gesti\u00f3n en el sector de las renovables en Espa\u00f1a especializados en tecnolog\u00eda fotovoltaica.","breadcrumb":{"@id":"https:\/\/www.australventures.eu\/es\/politica-de-cookies\/#breadcrumb"},"inLanguage":"en-US","potentialAction":[{"@type":"ReadAction","target":["https:\/\/www.australventures.eu\/es\/politica-de-cookies\/"]}]},{"@type":"BreadcrumbList","@id":"https:\/\/www.australventures.eu\/es\/politica-de-cookies\/#breadcrumb","itemListElement":[{"@type":"ListItem","position":1,"name":"Home","item":"https:\/\/www.australventures.eu\/en\/"},{"@type":"ListItem","position":2,"name":"Cookies Policy"}]},{"@type":"WebSite","@id":"https:\/\/www.australventures.eu\/es\/#website","url":"https:\/\/www.australventures.eu\/es\/","name":"Austral Venture Gesti\u00f3n","description":"Austral Venture Gesti\u00f3n somos una plataforma de inversi\u00f3n y gesti\u00f3n en el sector de las renovables en Espa\u00f1a especializados en tecnolog\u00eda fotovoltaica.","publisher":{"@id":"https:\/\/www.australventures.eu\/es\/#organization"},"potentialAction":[{"@type":"SearchAction","target":{"@type":"EntryPoint","urlTemplate":"https:\/\/www.australventures.eu\/es\/?s={search_term_string}"},"query-input":{"@type":"PropertyValueSpecification","valueRequired":true,"valueName":"search_term_string"}}],"inLanguage":"en-US"},{"@type":"Organization","@id":"https:\/\/www.australventures.eu\/es\/#organization","name":"Austral Venture Gesti\u00f3n","url":"https:\/\/www.australventures.eu\/es\/","logo":{"@type":"ImageObject","inLanguage":"en-US","@id":"https:\/\/www.australventures.eu\/es\/#\/schema\/logo\/image\/","url":"https:\/\/www.australventures.eu\/wp-content\/uploads\/2024\/11\/logo-black.svg","contentUrl":"https:\/\/www.australventures.eu\/wp-content\/uploads\/2024\/11\/logo-black.svg","width":329,"height":83,"caption":"Austral Venture Gesti\u00f3n"},"image":{"@id":"https:\/\/www.australventures.eu\/es\/#\/schema\/logo\/image\/"}}]}},"uagb_featured_image_src":{"full":false,"thumbnail":false,"medium":false,"medium_large":false,"large":false,"1536x1536":false,"2048x2048":false},"uagb_author_info":{"display_name":"Austral","author_link":"https:\/\/www.australventures.eu\/en\/author\/admin_austral\/"},"uagb_comment_info":0,"uagb_excerpt":null,"_links":{"self":[{"href":"https:\/\/www.australventures.eu\/en\/wp-json\/wp\/v2\/pages\/259","targetHints":{"allow":["GET"]}}],"collection":[{"href":"https:\/\/www.australventures.eu\/en\/wp-json\/wp\/v2\/pages"}],"about":[{"href":"https:\/\/www.australventures.eu\/en\/wp-json\/wp\/v2\/types\/page"}],"author":[{"embeddable":true,"href":"https:\/\/www.australventures.eu\/en\/wp-json\/wp\/v2\/users\/2"}],"replies":[{"embeddable":true,"href":"https:\/\/www.australventures.eu\/en\/wp-json\/wp\/v2\/comments?post=259"}],"version-history":[{"count":4,"href":"https:\/\/www.australventures.eu\/en\/wp-json\/wp\/v2\/pages\/259\/revisions"}],"predecessor-version":[{"id":396,"href":"https:\/\/www.australventures.eu\/en\/wp-json\/wp\/v2\/pages\/259\/revisions\/396"}],"wp:attachment":[{"href":"https:\/\/www.australventures.eu\/en\/wp-json\/wp\/v2\/media?parent=259"}],"curies":[{"name":"wp","href":"https:\/\/api.w.org\/{rel}","templated":true}]}}