{"id":257,"date":"2022-08-02T06:34:00","date_gmt":"2022-08-02T04:34:00","guid":{"rendered":"https:\/\/www.australventures.eu\/nosotros\/"},"modified":"2024-11-15T12:19:38","modified_gmt":"2024-11-15T11:19:38","slug":"about","status":"publish","type":"page","link":"https:\/\/www.australventures.eu\/en\/about\/","title":{"rendered":"About"},"content":{"rendered":"\n<div class=\"wp-block-cover is-light\" style=\"min-height:70vh;aspect-ratio:unset;\" data-block-type=\"core\"><span aria-hidden=\"true\" class=\"wp-block-cover__background has-background-dim-0 has-background-dim\" style=\"background-color:#e5cbb4\"><\/span><img decoding=\"async\" class=\"wp-block-cover__image-background wp-image-12\" alt=\"\" src=\"https:\/\/www.australventures.eu\/wp-content\/uploads\/2024\/11\/front-back-02.png\" style=\"object-position:50% 100%\" data-object-fit=\"cover\" data-object-position=\"50% 100%\"\/><div class=\"wp-block-cover__inner-container is-layout-constrained wp-block-cover-is-layout-constrained\">\n<section class=\"blocks-engine block-section\">\n    <div class=\"container\">\n        <div class=\"acf-innerblocks-container\">\n\n<p class=\"has-text-align-center has-large-font-size\" data-block-type=\"core\"><strong>We are an asset management firm specialized in the renewable energy sector in Spain<\/strong><\/p>\n\n\n\n<p class=\"has-text-align-center has-medium-font-size\" data-block-type=\"core\">Our three founding partners have more than 35 years of experience across the entire value chain of investment opportunities in the renewables sector. Altogether, they have been involved in more than 60 transactions as promoters, operators and maintainers or debt providers<\/p>\n\n<\/div>\n    <\/div>\n<\/section>\n<\/div><\/div>\n\n\n\n<section class=\"blocks-engine block-section\">\n    <div class=\"container\">\n        <div class=\"acf-innerblocks-container\">\n\n<div class=\"wp-block-columns is-layout-flex wp-container-core-columns-is-layout-9d6595d7 wp-block-columns-is-layout-flex\" data-block-type=\"core\">\n<div class=\"wp-block-column is-layout-flow wp-block-column-is-layout-flow\" data-block-type=\"core\">\n<div class=\"wp-block-columns is-not-stacked-on-mobile is-layout-flex wp-container-core-columns-is-layout-9d6595d7 wp-block-columns-is-layout-flex\" data-block-type=\"core\">\n<div class=\"wp-block-column is-layout-flow wp-block-column-is-layout-flow\" style=\"flex-basis:100px\" data-block-type=\"core\">\n<figure class=\"wp-block-image size-thumbnail\" data-block-type=\"core\"><img loading=\"lazy\" decoding=\"async\" width=\"150\" height=\"150\" src=\"https:\/\/www.australventures.eu\/wp-content\/uploads\/2024\/11\/experiencia-150x150.webp\" alt=\"\" class=\"wp-image-7\" style=\"aspect-ratio:1;object-fit:cover\" srcset=\"https:\/\/www.australventures.eu\/wp-content\/uploads\/2024\/11\/experiencia-150x150.webp 150w, https:\/\/www.australventures.eu\/wp-content\/uploads\/2024\/11\/experiencia.webp 191w\" sizes=\"auto, (max-width: 150px) 100vw, 150px\" \/><\/figure>\n<\/div>\n\n\n\n<div class=\"wp-block-column is-layout-flow wp-block-column-is-layout-flow\" style=\"flex-basis:100%\" data-block-type=\"core\">\n<h2 class=\"wp-block-heading\" data-block-type=\"core\"><strong><strong>EXPERIENCE<\/strong><\/strong><\/h2>\n\n\n\n<p data-block-type=\"core\">The professionals that make up the Austral Venture Gesti\u00f3n team have more than 35 years of experience in the industry. Their versatility and knowledge of the sector allows them to make the most of investments and detect the best investment opportunities.<\/p>\n<\/div>\n<\/div>\n<\/div>\n\n\n\n<div class=\"wp-block-column is-layout-flow wp-block-column-is-layout-flow\" data-block-type=\"core\">\n<div class=\"wp-block-columns is-not-stacked-on-mobile is-layout-flex wp-container-core-columns-is-layout-9d6595d7 wp-block-columns-is-layout-flex\" data-block-type=\"core\">\n<div class=\"wp-block-column is-layout-flow wp-block-column-is-layout-flow\" style=\"flex-basis:100px\" data-block-type=\"core\">\n<figure class=\"wp-block-image size-thumbnail\" data-block-type=\"core\"><img loading=\"lazy\" decoding=\"async\" width=\"150\" height=\"150\" src=\"https:\/\/www.australventures.eu\/wp-content\/uploads\/2024\/11\/compromiso-150x150.webp\" alt=\"\" class=\"wp-image-9\" style=\"aspect-ratio:1;object-fit:cover\" srcset=\"https:\/\/www.australventures.eu\/wp-content\/uploads\/2024\/11\/compromiso-150x150.webp 150w, https:\/\/www.australventures.eu\/wp-content\/uploads\/2024\/11\/compromiso.webp 191w\" sizes=\"auto, (max-width: 150px) 100vw, 150px\" \/><\/figure>\n<\/div>\n\n\n\n<div class=\"wp-block-column is-layout-flow wp-block-column-is-layout-flow\" style=\"flex-basis:100%\" data-block-type=\"core\">\n<h2 class=\"wp-block-heading\" data-block-type=\"core\"><strong><strong>COMMITMENT<\/strong><\/strong><\/h2>\n\n\n\n<p data-block-type=\"core\">We want to become our customers\u2019 trusted partner. Our proximity to and interest in our clients\u2019 financial objectives and our industry know-how define us.<\/p>\n<\/div>\n<\/div>\n<\/div>\n<\/div>\n\n\n\n<div class=\"wp-block-columns is-layout-flex wp-container-core-columns-is-layout-9d6595d7 wp-block-columns-is-layout-flex\" data-block-type=\"core\">\n<div class=\"wp-block-column is-layout-flow wp-block-column-is-layout-flow\" data-block-type=\"core\">\n<div class=\"wp-block-columns is-not-stacked-on-mobile is-layout-flex wp-container-core-columns-is-layout-9d6595d7 wp-block-columns-is-layout-flex\" data-block-type=\"core\">\n<div class=\"wp-block-column is-layout-flow wp-block-column-is-layout-flow\" style=\"flex-basis:100px\" data-block-type=\"core\">\n<figure class=\"wp-block-image size-thumbnail\" data-block-type=\"core\"><img loading=\"lazy\" decoding=\"async\" width=\"150\" height=\"150\" src=\"https:\/\/www.australventures.eu\/wp-content\/uploads\/2024\/11\/transparancia-150x150.webp\" alt=\"\" class=\"wp-image-10\" style=\"aspect-ratio:1;object-fit:cover\" srcset=\"https:\/\/www.australventures.eu\/wp-content\/uploads\/2024\/11\/transparancia-150x150.webp 150w, https:\/\/www.australventures.eu\/wp-content\/uploads\/2024\/11\/transparancia.webp 191w\" sizes=\"auto, (max-width: 150px) 100vw, 150px\" \/><\/figure>\n<\/div>\n\n\n\n<div class=\"wp-block-column is-layout-flow wp-block-column-is-layout-flow\" style=\"flex-basis:100%\" data-block-type=\"core\">\n<h2 class=\"wp-block-heading\" data-block-type=\"core\"><strong><strong>TRANSPARENCY<\/strong><\/strong><\/h2>\n\n\n\n<p data-block-type=\"core\">We work with the utmost clarity and rigor, with the objective of offering projects that make economic sense.<\/p>\n<\/div>\n<\/div>\n<\/div>\n\n\n\n<div class=\"wp-block-column is-layout-flow wp-block-column-is-layout-flow\" data-block-type=\"core\">\n<div class=\"wp-block-columns is-not-stacked-on-mobile is-layout-flex wp-container-core-columns-is-layout-9d6595d7 wp-block-columns-is-layout-flex\" data-block-type=\"core\">\n<div class=\"wp-block-column is-layout-flow wp-block-column-is-layout-flow\" style=\"flex-basis:100px\" data-block-type=\"core\">\n<figure class=\"wp-block-image size-thumbnail\" data-block-type=\"core\"><img loading=\"lazy\" decoding=\"async\" width=\"150\" height=\"150\" src=\"https:\/\/www.australventures.eu\/wp-content\/uploads\/2024\/11\/sostenibilidad-150x150.webp\" alt=\"\" class=\"wp-image-8\" style=\"aspect-ratio:1;object-fit:cover\" srcset=\"https:\/\/www.australventures.eu\/wp-content\/uploads\/2024\/11\/sostenibilidad-150x150.webp 150w, https:\/\/www.australventures.eu\/wp-content\/uploads\/2024\/11\/sostenibilidad.webp 191w\" sizes=\"auto, (max-width: 150px) 100vw, 150px\" \/><\/figure>\n<\/div>\n\n\n\n<div class=\"wp-block-column is-layout-flow wp-block-column-is-layout-flow\" style=\"flex-basis:100%\" data-block-type=\"core\">\n<h2 class=\"wp-block-heading\" data-block-type=\"core\"><strong><strong>SUSTAINABILITY<\/strong><\/strong><\/h2>\n\n\n\n<p data-block-type=\"core\">We seek to generate a positive impact for the environment and society in one of the great challenges of the 21st century: the energy transition.<\/p>\n<\/div>\n<\/div>\n<\/div>\n<\/div>\n\n<\/div>\n    <\/div>\n<\/section>\n","protected":false},"excerpt":{"rendered":"","protected":false},"author":2,"featured_media":0,"parent":0,"menu_order":0,"comment_status":"closed","ping_status":"closed","template":"","meta":{"_acf_changed":false,"_uag_custom_page_level_css":"","footnotes":""},"class_list":["post-257","page","type-page","status-publish","hentry"],"acf":[],"yoast_head":"<!-- This site is optimized with the Yoast SEO plugin v26.5 - https:\/\/yoast.com\/wordpress\/plugins\/seo\/ -->\n<title>About - Austral Venture Gesti\u00f3n<\/title>\n<meta name=\"description\" content=\"Somos una plataforma de inversi\u00f3n y gesti\u00f3n en el sector de las renovables en Espa\u00f1a especializados en tecnolog\u00eda fotovoltaica.\" \/>\n<meta name=\"robots\" content=\"index, follow, max-snippet:-1, max-image-preview:large, max-video-preview:-1\" \/>\n<link rel=\"canonical\" href=\"https:\/\/www.australventures.eu\/en\/about\/\" \/>\n<meta property=\"og:locale\" content=\"en_US\" \/>\n<meta property=\"og:type\" content=\"article\" \/>\n<meta property=\"og:title\" content=\"About - Austral Venture Gesti\u00f3n\" \/>\n<meta property=\"og:description\" content=\"Somos una plataforma de inversi\u00f3n y gesti\u00f3n en el sector de las renovables en Espa\u00f1a especializados en tecnolog\u00eda fotovoltaica.\" \/>\n<meta property=\"og:url\" content=\"https:\/\/www.australventures.eu\/en\/about\/\" \/>\n<meta property=\"og:site_name\" content=\"Austral Venture Gesti\u00f3n\" \/>\n<meta property=\"article:modified_time\" content=\"2024-11-15T11:19:38+00:00\" \/>\n<meta property=\"og:image\" content=\"https:\/\/www.australventures.eu\/wp-content\/uploads\/2024\/11\/front-back-02.png\" \/>\n<meta name=\"twitter:card\" content=\"summary_large_image\" \/>\n<meta name=\"twitter:label1\" content=\"Est. reading time\" \/>\n\t<meta name=\"twitter:data1\" content=\"1 minute\" \/>\n<script type=\"application\/ld+json\" class=\"yoast-schema-graph\">{\"@context\":\"https:\/\/schema.org\",\"@graph\":[{\"@type\":\"WebPage\",\"@id\":\"https:\/\/www.australventures.eu\/en\/about\/\",\"url\":\"https:\/\/www.australventures.eu\/en\/about\/\",\"name\":\"About - Austral Venture Gesti\u00f3n\",\"isPartOf\":{\"@id\":\"https:\/\/www.australventures.eu\/es\/#website\"},\"primaryImageOfPage\":{\"@id\":\"https:\/\/www.australventures.eu\/en\/about\/#primaryimage\"},\"image\":{\"@id\":\"https:\/\/www.australventures.eu\/en\/about\/#primaryimage\"},\"thumbnailUrl\":\"https:\/\/www.australventures.eu\/wp-content\/uploads\/2024\/11\/front-back-02.png\",\"datePublished\":\"2022-08-02T04:34:00+00:00\",\"dateModified\":\"2024-11-15T11:19:38+00:00\",\"description\":\"Somos una plataforma de inversi\u00f3n y gesti\u00f3n en el sector de las renovables en Espa\u00f1a especializados en tecnolog\u00eda fotovoltaica.\",\"breadcrumb\":{\"@id\":\"https:\/\/www.australventures.eu\/en\/about\/#breadcrumb\"},\"inLanguage\":\"en-US\",\"potentialAction\":[{\"@type\":\"ReadAction\",\"target\":[\"https:\/\/www.australventures.eu\/en\/about\/\"]}]},{\"@type\":\"ImageObject\",\"inLanguage\":\"en-US\",\"@id\":\"https:\/\/www.australventures.eu\/en\/about\/#primaryimage\",\"url\":\"https:\/\/www.australventures.eu\/wp-content\/uploads\/2024\/11\/front-back-02.png\",\"contentUrl\":\"https:\/\/www.australventures.eu\/wp-content\/uploads\/2024\/11\/front-back-02.png\"},{\"@type\":\"BreadcrumbList\",\"@id\":\"https:\/\/www.australventures.eu\/en\/about\/#breadcrumb\",\"itemListElement\":[{\"@type\":\"ListItem\",\"position\":1,\"name\":\"Home\",\"item\":\"https:\/\/www.australventures.eu\/en\/\"},{\"@type\":\"ListItem\",\"position\":2,\"name\":\"About\"}]},{\"@type\":\"WebSite\",\"@id\":\"https:\/\/www.australventures.eu\/es\/#website\",\"url\":\"https:\/\/www.australventures.eu\/es\/\",\"name\":\"Austral Venture Gesti\u00f3n\",\"description\":\"Austral Venture Gesti\u00f3n somos una plataforma de inversi\u00f3n y gesti\u00f3n en el sector de las renovables en Espa\u00f1a especializados en tecnolog\u00eda fotovoltaica.\",\"publisher\":{\"@id\":\"https:\/\/www.australventures.eu\/es\/#organization\"},\"potentialAction\":[{\"@type\":\"SearchAction\",\"target\":{\"@type\":\"EntryPoint\",\"urlTemplate\":\"https:\/\/www.australventures.eu\/es\/?s={search_term_string}\"},\"query-input\":{\"@type\":\"PropertyValueSpecification\",\"valueRequired\":true,\"valueName\":\"search_term_string\"}}],\"inLanguage\":\"en-US\"},{\"@type\":\"Organization\",\"@id\":\"https:\/\/www.australventures.eu\/es\/#organization\",\"name\":\"Austral Venture Gesti\u00f3n\",\"url\":\"https:\/\/www.australventures.eu\/es\/\",\"logo\":{\"@type\":\"ImageObject\",\"inLanguage\":\"en-US\",\"@id\":\"https:\/\/www.australventures.eu\/es\/#\/schema\/logo\/image\/\",\"url\":\"https:\/\/www.australventures.eu\/wp-content\/uploads\/2024\/11\/logo-black.svg\",\"contentUrl\":\"https:\/\/www.australventures.eu\/wp-content\/uploads\/2024\/11\/logo-black.svg\",\"width\":329,\"height\":83,\"caption\":\"Austral Venture Gesti\u00f3n\"},\"image\":{\"@id\":\"https:\/\/www.australventures.eu\/es\/#\/schema\/logo\/image\/\"}}]}<\/script>\n<!-- \/ Yoast SEO plugin. -->","yoast_head_json":{"title":"About - Austral Venture Gesti\u00f3n","description":"Somos una plataforma de inversi\u00f3n y gesti\u00f3n en el sector de las renovables en Espa\u00f1a especializados en tecnolog\u00eda fotovoltaica.","robots":{"index":"index","follow":"follow","max-snippet":"max-snippet:-1","max-image-preview":"max-image-preview:large","max-video-preview":"max-video-preview:-1"},"canonical":"https:\/\/www.australventures.eu\/en\/about\/","og_locale":"en_US","og_type":"article","og_title":"About - Austral Venture Gesti\u00f3n","og_description":"Somos una plataforma de inversi\u00f3n y gesti\u00f3n en el sector de las renovables en Espa\u00f1a especializados en tecnolog\u00eda fotovoltaica.","og_url":"https:\/\/www.australventures.eu\/en\/about\/","og_site_name":"Austral Venture Gesti\u00f3n","article_modified_time":"2024-11-15T11:19:38+00:00","og_image":[{"url":"https:\/\/www.australventures.eu\/wp-content\/uploads\/2024\/11\/front-back-02.png","type":"","width":"","height":""}],"twitter_card":"summary_large_image","twitter_misc":{"Est. reading time":"1 minute"},"schema":{"@context":"https:\/\/schema.org","@graph":[{"@type":"WebPage","@id":"https:\/\/www.australventures.eu\/en\/about\/","url":"https:\/\/www.australventures.eu\/en\/about\/","name":"About - Austral Venture Gesti\u00f3n","isPartOf":{"@id":"https:\/\/www.australventures.eu\/es\/#website"},"primaryImageOfPage":{"@id":"https:\/\/www.australventures.eu\/en\/about\/#primaryimage"},"image":{"@id":"https:\/\/www.australventures.eu\/en\/about\/#primaryimage"},"thumbnailUrl":"https:\/\/www.australventures.eu\/wp-content\/uploads\/2024\/11\/front-back-02.png","datePublished":"2022-08-02T04:34:00+00:00","dateModified":"2024-11-15T11:19:38+00:00","description":"Somos una plataforma de inversi\u00f3n y gesti\u00f3n en el sector de las renovables en Espa\u00f1a especializados en tecnolog\u00eda fotovoltaica.","breadcrumb":{"@id":"https:\/\/www.australventures.eu\/en\/about\/#breadcrumb"},"inLanguage":"en-US","potentialAction":[{"@type":"ReadAction","target":["https:\/\/www.australventures.eu\/en\/about\/"]}]},{"@type":"ImageObject","inLanguage":"en-US","@id":"https:\/\/www.australventures.eu\/en\/about\/#primaryimage","url":"https:\/\/www.australventures.eu\/wp-content\/uploads\/2024\/11\/front-back-02.png","contentUrl":"https:\/\/www.australventures.eu\/wp-content\/uploads\/2024\/11\/front-back-02.png"},{"@type":"BreadcrumbList","@id":"https:\/\/www.australventures.eu\/en\/about\/#breadcrumb","itemListElement":[{"@type":"ListItem","position":1,"name":"Home","item":"https:\/\/www.australventures.eu\/en\/"},{"@type":"ListItem","position":2,"name":"About"}]},{"@type":"WebSite","@id":"https:\/\/www.australventures.eu\/es\/#website","url":"https:\/\/www.australventures.eu\/es\/","name":"Austral Venture Gesti\u00f3n","description":"Austral Venture Gesti\u00f3n somos una plataforma de inversi\u00f3n y gesti\u00f3n en el sector de las renovables en Espa\u00f1a especializados en tecnolog\u00eda fotovoltaica.","publisher":{"@id":"https:\/\/www.australventures.eu\/es\/#organization"},"potentialAction":[{"@type":"SearchAction","target":{"@type":"EntryPoint","urlTemplate":"https:\/\/www.australventures.eu\/es\/?s={search_term_string}"},"query-input":{"@type":"PropertyValueSpecification","valueRequired":true,"valueName":"search_term_string"}}],"inLanguage":"en-US"},{"@type":"Organization","@id":"https:\/\/www.australventures.eu\/es\/#organization","name":"Austral Venture Gesti\u00f3n","url":"https:\/\/www.australventures.eu\/es\/","logo":{"@type":"ImageObject","inLanguage":"en-US","@id":"https:\/\/www.australventures.eu\/es\/#\/schema\/logo\/image\/","url":"https:\/\/www.australventures.eu\/wp-content\/uploads\/2024\/11\/logo-black.svg","contentUrl":"https:\/\/www.australventures.eu\/wp-content\/uploads\/2024\/11\/logo-black.svg","width":329,"height":83,"caption":"Austral Venture Gesti\u00f3n"},"image":{"@id":"https:\/\/www.australventures.eu\/es\/#\/schema\/logo\/image\/"}}]}},"uagb_featured_image_src":{"full":false,"thumbnail":false,"medium":false,"medium_large":false,"large":false,"1536x1536":false,"2048x2048":false},"uagb_author_info":{"display_name":"Austral","author_link":"https:\/\/www.australventures.eu\/en\/author\/admin_austral\/"},"uagb_comment_info":0,"uagb_excerpt":null,"_links":{"self":[{"href":"https:\/\/www.australventures.eu\/en\/wp-json\/wp\/v2\/pages\/257","targetHints":{"allow":["GET"]}}],"collection":[{"href":"https:\/\/www.australventures.eu\/en\/wp-json\/wp\/v2\/pages"}],"about":[{"href":"https:\/\/www.australventures.eu\/en\/wp-json\/wp\/v2\/types\/page"}],"author":[{"embeddable":true,"href":"https:\/\/www.australventures.eu\/en\/wp-json\/wp\/v2\/users\/2"}],"replies":[{"embeddable":true,"href":"https:\/\/www.australventures.eu\/en\/wp-json\/wp\/v2\/comments?post=257"}],"version-history":[{"count":3,"href":"https:\/\/www.australventures.eu\/en\/wp-json\/wp\/v2\/pages\/257\/revisions"}],"predecessor-version":[{"id":388,"href":"https:\/\/www.australventures.eu\/en\/wp-json\/wp\/v2\/pages\/257\/revisions\/388"}],"wp:attachment":[{"href":"https:\/\/www.australventures.eu\/en\/wp-json\/wp\/v2\/media?parent=257"}],"curies":[{"name":"wp","href":"https:\/\/api.w.org\/{rel}","templated":true}]}}