{"id":256,"date":"2022-08-02T06:16:00","date_gmt":"2022-08-02T04:16:00","guid":{"rendered":"https:\/\/www.australventures.eu\/inicio\/"},"modified":"2025-01-14T08:50:50","modified_gmt":"2025-01-14T07:50:50","slug":"inicio","status":"publish","type":"page","link":"https:\/\/www.australventures.eu\/en\/","title":{"rendered":"Home"},"content":{"rendered":"\n<div class=\"wp-block-cover\" style=\"min-height:70vh;aspect-ratio:unset;\" data-block-type=\"core\"><span aria-hidden=\"true\" class=\"wp-block-cover__background has-background-dim wp-block-cover__gradient-background has-background-gradient\" style=\"background:linear-gradient(180deg,rgb(0,0,51) 23%,rgba(0,0,51,0) 100%)\"><\/span><img loading=\"lazy\" decoding=\"async\" width=\"1680\" height=\"945\" class=\"wp-block-cover__image-background wp-image-820\" alt=\"invertimos en startups y energ\u00edas renovables\" src=\"https:\/\/www.australventures.eu\/wp-content\/uploads\/2025\/01\/1.png\" style=\"object-position:25% 51%\" data-object-fit=\"cover\" data-object-position=\"25% 51%\" srcset=\"https:\/\/www.australventures.eu\/wp-content\/uploads\/2025\/01\/1.png 1680w, https:\/\/www.australventures.eu\/wp-content\/uploads\/2025\/01\/1-300x169.png 300w, https:\/\/www.australventures.eu\/wp-content\/uploads\/2025\/01\/1-1024x576.png 1024w, https:\/\/www.australventures.eu\/wp-content\/uploads\/2025\/01\/1-768x432.png 768w, https:\/\/www.australventures.eu\/wp-content\/uploads\/2025\/01\/1-1536x864.png 1536w\" sizes=\"auto, (max-width: 1680px) 100vw, 1680px\" \/><div class=\"wp-block-cover__inner-container is-layout-constrained wp-block-cover-is-layout-constrained\">\n<div class=\"container blocks-engine block-container medium content-left\">\n            <div class=\"content-wrapper\">\n            <div class=\"acf-innerblocks-container\">\n\n<h1 class=\"wp-block-heading has-text-align-left has-white-color has-text-color has-link-color has-x-large-font-size wp-elements-a6ef2cc55b1e764054fd1d278de9ce91\" data-block-type=\"core\">At<strong>&nbsp;Austral Venture Gesti\u00f3n<\/strong>&nbsp;we offer you the opportunity to invest in renewables<\/h1>\n\n\n\n<p class=\"has-white-color has-text-color has-link-color has-medium-font-size wp-elements-786b1a5de4eeb6bc5570c2304f9331ea\" data-block-type=\"core\">Invest in sustainability, in real assets necessary for the transition into decarbonisation<\/p>\n\n\n\n    <div class=\"block-video-button\">\n        <button type=\"button\" class=\"btn-solid-inverse video-btn\"\n            data-vidmp4=\"https:\/\/www.australventures.eu\/wp-content\/uploads\/2025\/01\/nuevo_video-austral-okred.mp4\"\n            data-bs-toggle=\"modal\"\n            data-bs-target=\"#HeaderModal-69f5dc860fad0\">\n            Watch video            <i class=\"fa-solid fa-arrow-right\"><\/i>\n        <\/button>\n    <\/div>\n\n    <div class=\"modal fade\" id=\"HeaderModal-69f5dc860fad0\" tabindex=\"-1\" role=\"dialog\" aria-labelledby=\"HeaderModalLabel\"\n        aria-hidden=\"true\">\n        <div class=\"modal-dialog modal-fullscreen\" role=\"document\">\n            <div class=\"modal-content video-modal\">\n                <button type=\"button\" class=\"close custom-close\" data-bs-dismiss=\"modal\" aria-label=\"Close\">\n                    <span aria-hidden=\"true\">&times;<\/span>\n                <\/button>\n                <div class=\"modal-body p-0\"><\/div>\n            <\/div>\n        <\/div>\n    <\/div>\n\n<\/div>\n        <\/div>\n    <\/div>\n<\/div><\/div>\n\n\n\n<section class=\"blocks-engine block-section padding-top-m padding-bottom-m bg-ui-dark-blue\">\n    <div class=\"container\">\n        <div class=\"acf-innerblocks-container\">\n\n<p class=\"has-text-align-center has-large-font-size\" data-block-type=\"core\">With&nbsp;<strong>Austral Venture Gesti\u00f3n<\/strong>&nbsp;you invest in<\/p>\n\n\n        <div class=\"block-dynamic-text\">\n            <p class=\"dyn-text\" id=\"typing-text-69f5dc8612885\" style=\"style=\"color: #FFF;\"\">\n                                        <span class=\"word\"> Sustainability <\/span>\n                                            <span class=\"word\"> Team <\/span>\n                                            <span class=\"word\"> Renewables <\/span>\n                                            <span class=\"word\"> Startups <\/span>\n                                            <span class=\"word\"> Innovation <\/span>\n                                <\/p>\n        <\/div>\n    \n<\/div>\n    <\/div>\n<\/section>\n\n\n\n<section class=\"blocks-engine block-section padding-top-m padding-bottom-m bg-ui-white-smoke\">\n    <div class=\"container\">\n        <div class=\"acf-innerblocks-container\">\n\n<div class=\"wp-block-columns are-vertically-aligned-center is-layout-flex wp-container-core-columns-is-layout-9d6595d7 wp-block-columns-is-layout-flex\" data-block-type=\"core\">\n<div class=\"wp-block-column is-vertically-aligned-center is-layout-flow wp-block-column-is-layout-flow\" data-block-type=\"core\">\n<figure class=\"wp-block-image size-full\" data-block-type=\"core\"><img loading=\"lazy\" decoding=\"async\" width=\"800\" height=\"533\" src=\"https:\/\/www.australventures.eu\/wp-content\/uploads\/2024\/11\/foto_Equipo_2-scaled-1.jpg\" alt=\"\" class=\"wp-image-18\" style=\"object-fit:cover\" srcset=\"https:\/\/www.australventures.eu\/wp-content\/uploads\/2024\/11\/foto_Equipo_2-scaled-1.jpg 800w, https:\/\/www.australventures.eu\/wp-content\/uploads\/2024\/11\/foto_Equipo_2-scaled-1-300x200.jpg 300w, https:\/\/www.australventures.eu\/wp-content\/uploads\/2024\/11\/foto_Equipo_2-scaled-1-768x512.jpg 768w\" sizes=\"auto, (max-width: 800px) 100vw, 800px\" \/><\/figure>\n<\/div>\n\n\n\n<div class=\"wp-block-column is-vertically-aligned-center ps-md-5 info-team is-layout-flow wp-block-column-is-layout-flow\" data-block-type=\"core\">\n<h2 class=\"wp-block-heading has-large-font-size\" data-block-type=\"core\">The<strong>&nbsp;Austral Venture Gesti\u00f3n<\/strong>&nbsp;team<\/h2>\n\n\n\n<p class=\"has-medium-font-size\" data-block-type=\"core\">More than 35 years of experience generating investment opportunities in the renewable sector.&nbsp;Promotion, construction, financing, operation and maintenance and sale of renewable assets<\/p>\n\n\n\n<div class=\"wp-block-buttons is-layout-flex wp-block-buttons-is-layout-flex\" data-block-type=\"core\">\n<div class=\"wp-block-button has-custom-font-size btn-solid-wrapper has-medium-font-size\" data-block-type=\"core\"><a class=\"wp-block-button__link wp-element-button\" href=\"https:\/\/www.australventures.eu\/en\/team\/\" style=\"border-radius:0px\">Management team<\/a><\/div>\n<\/div>\n<\/div>\n<\/div>\n\n<\/div>\n    <\/div>\n<\/section>\n\n\n\n<section class=\"blocks-engine block-section padding-top-m padding-bottom-m bg-auto\">\n    <div class=\"container\">\n        <div class=\"acf-innerblocks-container\">\n\n<div class=\"wp-block-columns are-vertically-aligned-center is-layout-flex wp-container-core-columns-is-layout-9d6595d7 wp-block-columns-is-layout-flex\" data-block-type=\"core\">\n<div class=\"wp-block-column is-vertically-aligned-center pe-md-5 is-layout-flow wp-block-column-is-layout-flow\" data-block-type=\"core\">\n<p class=\"has-medium-font-size\" data-block-type=\"core\"><strong>Austral Venture Gestion<\/strong>&nbsp;aims to invest in renewables with<\/p>\n\n\n\n<h2 class=\"wp-block-heading has-text-color has-link-color wp-elements-e42a232950e3ccb9a11e4ef1d9671206\" style=\"color:#e4a802;font-size:64px;font-style:normal;font-weight:300\" data-block-type=\"core\">the security and peace<\/h2>\n\n\n\n<p class=\"has-medium-font-size\" data-block-type=\"core\">of having an <strong>experienced team<\/strong> managing opportunities.<\/p>\n<\/div>\n\n\n\n<div class=\"wp-block-column is-vertically-aligned-center is-layout-flow wp-block-column-is-layout-flow\" data-block-type=\"core\">\n<figure class=\"wp-block-image size-full\" data-block-type=\"core\"><img loading=\"lazy\" decoding=\"async\" width=\"712\" height=\"708\" src=\"https:\/\/www.australventures.eu\/wp-content\/uploads\/2024\/11\/flores_img.png\" alt=\"\" class=\"wp-image-17\" style=\"object-fit:cover\" srcset=\"https:\/\/www.australventures.eu\/wp-content\/uploads\/2024\/11\/flores_img.png 712w, https:\/\/www.australventures.eu\/wp-content\/uploads\/2024\/11\/flores_img-300x298.png 300w, https:\/\/www.australventures.eu\/wp-content\/uploads\/2024\/11\/flores_img-150x150.png 150w\" sizes=\"auto, (max-width: 712px) 100vw, 712px\" \/><\/figure>\n<\/div>\n<\/div>\n\n<\/div>\n    <\/div>\n<\/section>\n\n\n\n<section class=\"blocks-engine block-section padding-top-m padding-bottom-m bg-ui-dark-grey\">\n    <div class=\"container\">\n        <div class=\"acf-innerblocks-container\">\n\n<p class=\"has-text-align-center has-large-font-size\" data-block-type=\"core\">Investing with&nbsp;<strong>Austral Venture<\/strong>&nbsp;Gesti\u00f3n is<\/p>\n\n\n        <div class=\"block-dynamic-text\">\n            <p class=\"dyn-text\" id=\"typing-text-69f5dc86148cb\" style=\"style=\"color: #FFF;\"\">\n                                        <span class=\"word\"> Experience <\/span>\n                                            <span class=\"word\"> Team <\/span>\n                                            <span class=\"word\"> Efficiency <\/span>\n                                <\/p>\n        <\/div>\n    \n<\/div>\n    <\/div>\n<\/section>\n\n\n\n<section class=\"blocks-engine block-section padding-top-m padding-bottom-m bg-ui-white-smoke\">\n    <div class=\"container\">\n        <div class=\"acf-innerblocks-container\">\n\n<h2 class=\"wp-block-heading has-x-large-font-size\" data-block-type=\"core\"><strong>Austral Venture<\/strong><br><strong>Gestion<\/strong>&nbsp;in the media<\/h2>\n\n\n<div class=\"block-slider\">\n    <div class=\"carousel\">\n                <div class=\"row\">\n            <div class=\"owl-carousel owl-theme\">\n                                        <div class=\"link-card\">\n                            \n<a class=\"align-card\" href=\"https:\/\/www.australventures.eu\/en\/austral-management-company-seeks-up-to-25-startups-to-invest-in-by-2026\/\" title=\"Austral management company seeks up to 25 startups to invest in by 2026\">\n    <div class=\"card\">\n        <div class=\"card-body\">\n            <div class=\"card-content\">\n                                <div class=\"image-new\" style='background-image:url(https:\/\/www.australventures.eu\/wp-content\/uploads\/2024\/12\/IMG_01481-RhUKjLEIxs90mSZUOG0dpeN-1200x840@diario_abc.webp);'><\/div>\n\n                <div class=\"new-content\">\n                    <div class=\"logo-wrapper\">\n                                            <\/div>\n                    <span class=\"date\">\n                        14 de November de 2024                    <\/span>\n                    <div class=\"text\">\n                        <h2 class=\"text-new\">Austral management company seeks up to 25 startups to invest in by 2026<\/h2>\n                    <\/div>\n                <\/div>\n            <\/div>\n        <\/div>\n    <\/div>\n<\/a>\n                        <\/div>\n                                            <div class=\"link-card\">\n                            \n<a class=\"align-card\" href=\"https:\/\/www.australventures.eu\/en\/la-gestora-sevillana-austral-venture-lanza-un-nuevo-fondo-para-invertir-en-startups\/\" title=\"Seville-based fund manager Austral Venture launches a new fund to invest in startups\">\n    <div class=\"card\">\n        <div class=\"card-body\">\n            <div class=\"card-content\">\n                                <div class=\"image-new\" style='background-image:url(https:\/\/www.australventures.eu\/wp-content\/uploads\/2024\/12\/1-1.webp);'><\/div>\n\n                <div class=\"new-content\">\n                    <div class=\"logo-wrapper\">\n                                            <\/div>\n                    <span class=\"date\">\n                        13 de May de 2024                    <\/span>\n                    <div class=\"text\">\n                        <h2 class=\"text-new\">Seville-based fund manager Austral Venture launches a new fund to invest in startups<\/h2>\n                    <\/div>\n                <\/div>\n            <\/div>\n        <\/div>\n    <\/div>\n<\/a>\n                        <\/div>\n                                            <div class=\"link-card\">\n                            \n<a class=\"align-card\" href=\"https:\/\/www.australventures.eu\/en\/an-optimum-optimal-time-to-invest-in-photovoltaic-energy\/\" title=\"Is it an optimal time to invest in photovoltaic energy?\">\n    <div class=\"card\">\n        <div class=\"card-body\">\n            <div class=\"card-content\">\n                                <div class=\"image-new\" style='background-image:url(https:\/\/www.australventures.eu\/wp-content\/uploads\/2024\/11\/ingredientes_pan.jpg);'><\/div>\n\n                <div class=\"new-content\">\n                    <div class=\"logo-wrapper\">\n                        <img loading=\"lazy\" decoding=\"async\" class=\"img-fluid logo\" src=\"https:\/\/www.australventures.eu\/wp-content\/uploads\/2024\/11\/capitalRadio.png\" alt=\"logo\" width=\"345\" height=\"240\">                    <\/div>\n                    <span class=\"date\">\n                        12 de January de 2022                    <\/span>\n                    <div class=\"text\">\n                        <h2 class=\"text-new\">Is it an optimal time to invest in photovoltaic energy?<\/h2>\n                    <\/div>\n                <\/div>\n            <\/div>\n        <\/div>\n    <\/div>\n<\/a>\n                        <\/div>\n                                            <div class=\"link-card\">\n                            \n<a class=\"align-card\" href=\"https:\/\/www.australventures.eu\/en\/how-renewables-will-reduce-energy-costs\/\" title=\"How renewables will reduce energy costs\">\n    <div class=\"card\">\n        <div class=\"card-body\">\n            <div class=\"card-content\">\n                                <div class=\"image-new\" style='background-image:url(https:\/\/www.australventures.eu\/wp-content\/uploads\/2024\/11\/news.jpeg);'><\/div>\n\n                <div class=\"new-content\">\n                    <div class=\"logo-wrapper\">\n                        <img loading=\"lazy\" decoding=\"async\" class=\"img-fluid logo\" src=\"https:\/\/www.australventures.eu\/wp-content\/uploads\/2024\/11\/prensa-cincodias.jpeg\" alt=\"logo\" width=\"345\" height=\"240\">                    <\/div>\n                    <span class=\"date\">\n                        21 de October de 2021                    <\/span>\n                    <div class=\"text\">\n                        <h2 class=\"text-new\">How renewables will reduce energy costs<\/h2>\n                    <\/div>\n                <\/div>\n            <\/div>\n        <\/div>\n    <\/div>\n<\/a>\n                        <\/div>\n                                            <div class=\"link-card\">\n                            \n<a class=\"align-card\" href=\"https:\/\/www.australventures.eu\/en\/austral-venture-gestion-is-born-specialized-in-photovoltaic-energy\/\" title=\"Austral Venture Gesti\u00f3n is born, specialized in photovoltaic energy\">\n    <div class=\"card\">\n        <div class=\"card-body\">\n            <div class=\"card-content\">\n                                <div class=\"image-new\" style='background-image:url(https:\/\/www.australventures.eu\/wp-content\/uploads\/2024\/11\/noticias-pan.jpg);'><\/div>\n\n                <div class=\"new-content\">\n                    <div class=\"logo-wrapper\">\n                        <img loading=\"lazy\" decoding=\"async\" class=\"img-fluid logo\" src=\"https:\/\/www.australventures.eu\/wp-content\/uploads\/2024\/11\/eleconomista-logo.png\" alt=\"logo\" width=\"345\" height=\"240\">                    <\/div>\n                    <span class=\"date\">\n                        21 de October de 2021                    <\/span>\n                    <div class=\"text\">\n                        <h2 class=\"text-new\">Austral Venture Gesti\u00f3n is born, specialized in photovoltaic energy<\/h2>\n                    <\/div>\n                <\/div>\n            <\/div>\n        <\/div>\n    <\/div>\n<\/a>\n                        <\/div>\n                                <\/div>\n        <\/div>\n    <\/div>\n<\/div>\n\n<\/div>\n    <\/div>\n<\/section>\n","protected":false},"excerpt":{"rendered":"","protected":false},"author":2,"featured_media":0,"parent":0,"menu_order":0,"comment_status":"closed","ping_status":"closed","template":"","meta":{"_acf_changed":false,"_uag_custom_page_level_css":"","footnotes":""},"class_list":["post-256","page","type-page","status-publish","hentry"],"acf":[],"yoast_head":"<!-- This site is optimized with the Yoast SEO plugin v26.5 - https:\/\/yoast.com\/wordpress\/plugins\/seo\/ -->\n<title>Home - Austral Venture Gesti\u00f3n<\/title>\n<meta name=\"description\" content=\"Somos una plataforma de inversi\u00f3n y gesti\u00f3n en el sector de las renovables en Espa\u00f1a especializados en tecnolog\u00eda fotovoltaica.\" \/>\n<meta name=\"robots\" content=\"index, follow, max-snippet:-1, max-image-preview:large, max-video-preview:-1\" \/>\n<link rel=\"canonical\" href=\"https:\/\/www.australventures.eu\/en\/\" \/>\n<meta property=\"og:locale\" content=\"en_US\" \/>\n<meta property=\"og:type\" content=\"article\" \/>\n<meta property=\"og:title\" content=\"Home - Austral Venture Gesti\u00f3n\" \/>\n<meta property=\"og:description\" content=\"Somos una plataforma de inversi\u00f3n y gesti\u00f3n en el sector de las renovables en Espa\u00f1a especializados en tecnolog\u00eda fotovoltaica.\" \/>\n<meta property=\"og:url\" content=\"https:\/\/www.australventures.eu\/en\/\" \/>\n<meta property=\"og:site_name\" content=\"Austral Venture Gesti\u00f3n\" \/>\n<meta property=\"article:modified_time\" content=\"2025-01-14T07:50:50+00:00\" \/>\n<meta property=\"og:image\" content=\"https:\/\/www.australventures.eu\/wp-content\/uploads\/2025\/01\/1.png\" \/>\n\t<meta property=\"og:image:width\" content=\"1680\" \/>\n\t<meta property=\"og:image:height\" content=\"945\" \/>\n\t<meta property=\"og:image:type\" content=\"image\/png\" \/>\n<meta name=\"twitter:card\" content=\"summary_large_image\" \/>\n<meta name=\"twitter:label1\" content=\"Est. reading time\" \/>\n\t<meta name=\"twitter:data1\" content=\"2 minutes\" \/>\n<script type=\"application\/ld+json\" class=\"yoast-schema-graph\">{\"@context\":\"https:\/\/schema.org\",\"@graph\":[{\"@type\":\"WebPage\",\"@id\":\"https:\/\/www.australventures.eu\/en\/\",\"url\":\"https:\/\/www.australventures.eu\/en\/\",\"name\":\"Home - Austral Venture Gesti\u00f3n\",\"isPartOf\":{\"@id\":\"https:\/\/www.australventures.eu\/es\/#website\"},\"primaryImageOfPage\":{\"@id\":\"https:\/\/www.australventures.eu\/en\/#primaryimage\"},\"image\":{\"@id\":\"https:\/\/www.australventures.eu\/en\/#primaryimage\"},\"thumbnailUrl\":\"https:\/\/www.australventures.eu\/wp-content\/uploads\/2025\/01\/1.png\",\"datePublished\":\"2022-08-02T04:16:00+00:00\",\"dateModified\":\"2025-01-14T07:50:50+00:00\",\"description\":\"Somos una plataforma de inversi\u00f3n y gesti\u00f3n en el sector de las renovables en Espa\u00f1a especializados en tecnolog\u00eda fotovoltaica.\",\"breadcrumb\":{\"@id\":\"https:\/\/www.australventures.eu\/en\/#breadcrumb\"},\"inLanguage\":\"en-US\",\"potentialAction\":[{\"@type\":\"ReadAction\",\"target\":[\"https:\/\/www.australventures.eu\/en\/\"]}]},{\"@type\":\"ImageObject\",\"inLanguage\":\"en-US\",\"@id\":\"https:\/\/www.australventures.eu\/en\/#primaryimage\",\"url\":\"https:\/\/www.australventures.eu\/wp-content\/uploads\/2025\/01\/1.png\",\"contentUrl\":\"https:\/\/www.australventures.eu\/wp-content\/uploads\/2025\/01\/1.png\"},{\"@type\":\"BreadcrumbList\",\"@id\":\"https:\/\/www.australventures.eu\/en\/#breadcrumb\",\"itemListElement\":[{\"@type\":\"ListItem\",\"position\":1,\"name\":\"Home\",\"item\":\"https:\/\/www.australventures.eu\/en\/\"},{\"@type\":\"ListItem\",\"position\":2,\"name\":\"Home\"}]},{\"@type\":\"WebSite\",\"@id\":\"https:\/\/www.australventures.eu\/es\/#website\",\"url\":\"https:\/\/www.australventures.eu\/es\/\",\"name\":\"Austral Venture Gesti\u00f3n\",\"description\":\"Austral Venture Gesti\u00f3n somos una plataforma de inversi\u00f3n y gesti\u00f3n en el sector de las renovables en Espa\u00f1a especializados en tecnolog\u00eda fotovoltaica.\",\"publisher\":{\"@id\":\"https:\/\/www.australventures.eu\/es\/#organization\"},\"potentialAction\":[{\"@type\":\"SearchAction\",\"target\":{\"@type\":\"EntryPoint\",\"urlTemplate\":\"https:\/\/www.australventures.eu\/es\/?s={search_term_string}\"},\"query-input\":{\"@type\":\"PropertyValueSpecification\",\"valueRequired\":true,\"valueName\":\"search_term_string\"}}],\"inLanguage\":\"en-US\"},{\"@type\":\"Organization\",\"@id\":\"https:\/\/www.australventures.eu\/es\/#organization\",\"name\":\"Austral Venture Gesti\u00f3n\",\"url\":\"https:\/\/www.australventures.eu\/es\/\",\"logo\":{\"@type\":\"ImageObject\",\"inLanguage\":\"en-US\",\"@id\":\"https:\/\/www.australventures.eu\/es\/#\/schema\/logo\/image\/\",\"url\":\"https:\/\/www.australventures.eu\/wp-content\/uploads\/2024\/11\/logo-black.svg\",\"contentUrl\":\"https:\/\/www.australventures.eu\/wp-content\/uploads\/2024\/11\/logo-black.svg\",\"width\":329,\"height\":83,\"caption\":\"Austral Venture Gesti\u00f3n\"},\"image\":{\"@id\":\"https:\/\/www.australventures.eu\/es\/#\/schema\/logo\/image\/\"}}]}<\/script>\n<!-- \/ Yoast SEO plugin. -->","yoast_head_json":{"title":"Home - Austral Venture Gesti\u00f3n","description":"Somos una plataforma de inversi\u00f3n y gesti\u00f3n en el sector de las renovables en Espa\u00f1a especializados en tecnolog\u00eda fotovoltaica.","robots":{"index":"index","follow":"follow","max-snippet":"max-snippet:-1","max-image-preview":"max-image-preview:large","max-video-preview":"max-video-preview:-1"},"canonical":"https:\/\/www.australventures.eu\/en\/","og_locale":"en_US","og_type":"article","og_title":"Home - Austral Venture Gesti\u00f3n","og_description":"Somos una plataforma de inversi\u00f3n y gesti\u00f3n en el sector de las renovables en Espa\u00f1a especializados en tecnolog\u00eda fotovoltaica.","og_url":"https:\/\/www.australventures.eu\/en\/","og_site_name":"Austral Venture Gesti\u00f3n","article_modified_time":"2025-01-14T07:50:50+00:00","og_image":[{"width":1680,"height":945,"url":"https:\/\/www.australventures.eu\/wp-content\/uploads\/2025\/01\/1.png","type":"image\/png"}],"twitter_card":"summary_large_image","twitter_misc":{"Est. reading time":"2 minutes"},"schema":{"@context":"https:\/\/schema.org","@graph":[{"@type":"WebPage","@id":"https:\/\/www.australventures.eu\/en\/","url":"https:\/\/www.australventures.eu\/en\/","name":"Home - Austral Venture Gesti\u00f3n","isPartOf":{"@id":"https:\/\/www.australventures.eu\/es\/#website"},"primaryImageOfPage":{"@id":"https:\/\/www.australventures.eu\/en\/#primaryimage"},"image":{"@id":"https:\/\/www.australventures.eu\/en\/#primaryimage"},"thumbnailUrl":"https:\/\/www.australventures.eu\/wp-content\/uploads\/2025\/01\/1.png","datePublished":"2022-08-02T04:16:00+00:00","dateModified":"2025-01-14T07:50:50+00:00","description":"Somos una plataforma de inversi\u00f3n y gesti\u00f3n en el sector de las renovables en Espa\u00f1a especializados en tecnolog\u00eda fotovoltaica.","breadcrumb":{"@id":"https:\/\/www.australventures.eu\/en\/#breadcrumb"},"inLanguage":"en-US","potentialAction":[{"@type":"ReadAction","target":["https:\/\/www.australventures.eu\/en\/"]}]},{"@type":"ImageObject","inLanguage":"en-US","@id":"https:\/\/www.australventures.eu\/en\/#primaryimage","url":"https:\/\/www.australventures.eu\/wp-content\/uploads\/2025\/01\/1.png","contentUrl":"https:\/\/www.australventures.eu\/wp-content\/uploads\/2025\/01\/1.png"},{"@type":"BreadcrumbList","@id":"https:\/\/www.australventures.eu\/en\/#breadcrumb","itemListElement":[{"@type":"ListItem","position":1,"name":"Home","item":"https:\/\/www.australventures.eu\/en\/"},{"@type":"ListItem","position":2,"name":"Home"}]},{"@type":"WebSite","@id":"https:\/\/www.australventures.eu\/es\/#website","url":"https:\/\/www.australventures.eu\/es\/","name":"Austral Venture Gesti\u00f3n","description":"Austral Venture Gesti\u00f3n somos una plataforma de inversi\u00f3n y gesti\u00f3n en el sector de las renovables en Espa\u00f1a especializados en tecnolog\u00eda fotovoltaica.","publisher":{"@id":"https:\/\/www.australventures.eu\/es\/#organization"},"potentialAction":[{"@type":"SearchAction","target":{"@type":"EntryPoint","urlTemplate":"https:\/\/www.australventures.eu\/es\/?s={search_term_string}"},"query-input":{"@type":"PropertyValueSpecification","valueRequired":true,"valueName":"search_term_string"}}],"inLanguage":"en-US"},{"@type":"Organization","@id":"https:\/\/www.australventures.eu\/es\/#organization","name":"Austral Venture Gesti\u00f3n","url":"https:\/\/www.australventures.eu\/es\/","logo":{"@type":"ImageObject","inLanguage":"en-US","@id":"https:\/\/www.australventures.eu\/es\/#\/schema\/logo\/image\/","url":"https:\/\/www.australventures.eu\/wp-content\/uploads\/2024\/11\/logo-black.svg","contentUrl":"https:\/\/www.australventures.eu\/wp-content\/uploads\/2024\/11\/logo-black.svg","width":329,"height":83,"caption":"Austral Venture Gesti\u00f3n"},"image":{"@id":"https:\/\/www.australventures.eu\/es\/#\/schema\/logo\/image\/"}}]}},"uagb_featured_image_src":{"full":false,"thumbnail":false,"medium":false,"medium_large":false,"large":false,"1536x1536":false,"2048x2048":false},"uagb_author_info":{"display_name":"Austral","author_link":"https:\/\/www.australventures.eu\/en\/author\/admin_austral\/"},"uagb_comment_info":0,"uagb_excerpt":null,"_links":{"self":[{"href":"https:\/\/www.australventures.eu\/en\/wp-json\/wp\/v2\/pages\/256","targetHints":{"allow":["GET"]}}],"collection":[{"href":"https:\/\/www.australventures.eu\/en\/wp-json\/wp\/v2\/pages"}],"about":[{"href":"https:\/\/www.australventures.eu\/en\/wp-json\/wp\/v2\/types\/page"}],"author":[{"embeddable":true,"href":"https:\/\/www.australventures.eu\/en\/wp-json\/wp\/v2\/users\/2"}],"replies":[{"embeddable":true,"href":"https:\/\/www.australventures.eu\/en\/wp-json\/wp\/v2\/comments?post=256"}],"version-history":[{"count":15,"href":"https:\/\/www.australventures.eu\/en\/wp-json\/wp\/v2\/pages\/256\/revisions"}],"predecessor-version":[{"id":847,"href":"https:\/\/www.australventures.eu\/en\/wp-json\/wp\/v2\/pages\/256\/revisions\/847"}],"wp:attachment":[{"href":"https:\/\/www.australventures.eu\/en\/wp-json\/wp\/v2\/media?parent=256"}],"curies":[{"name":"wp","href":"https:\/\/api.w.org\/{rel}","templated":true}]}}